{"id":12600,"date":"2022-07-04T06:37:34","date_gmt":"2022-07-04T06:37:34","guid":{"rendered":"https:\/\/addwill.eu\/?page_id=12600"},"modified":"2022-07-04T06:37:34","modified_gmt":"2022-07-04T06:37:34","slug":"itsg","status":"publish","type":"page","link":"https:\/\/addwill.eu\/ca\/itsg\/","title":{"rendered":"ITSG"},"content":{"rendered":"<p><div class=\"fusion-bg-parallax\" data-bg-align=\"center center\" data-direction=\"up\" data-mute=\"false\" data-opacity=\"100\" data-velocity=\"-0.1\" data-mobile-enabled=\"false\" data-break_parents=\"0\" data-bg-image=\"https:\/\/addwill.eu\/wp-content\/uploads\/2015\/02\/anastasia-dulgier-hTqezq8WXR8-unsplash-scaled.jpg\" data-bg-repeat=\"false\" data-bg-color=\"rgba(0,0,0,0.2)\" data-blend-mode=\"overlay\" ><\/div><div class=\"fusion-fullwidth fullwidth-box fusion-builder-row-1 fusion-parallax-up nonhundred-percent-fullwidth non-hundred-percent-height-scrolling\" style=\"--awb-background-blend-mode:overlay;--awb-border-sizes-top:0px;--awb-border-sizes-bottom:0px;--awb-border-sizes-left:0px;--awb-border-sizes-right:0px;--awb-border-color:#e2e2e2;--awb-border-radius-top-left:0px;--awb-border-radius-top-right:0px;--awb-border-radius-bottom-right:0px;--awb-border-radius-bottom-left:0px;--awb-padding-bottom:5%;--awb-background-color:rgba(0,0,0,0.2);--awb-background-image:url(&quot;https:\/\/addwill.eu\/wp-content\/uploads\/2015\/02\/anastasia-dulgier-hTqezq8WXR8-unsplash-scaled.jpg&quot;);--awb-background-size:cover;--awb-flex-wrap:wrap;\" ><div class=\"fusion-builder-row fusion-row\"><div class=\"fusion-layout-column fusion_builder_column fusion-builder-column-0 fusion_builder_column_1_1 1_1 fusion-one-full fusion-column-first fusion-column-last\" style=\"--awb-bg-color:rgba(255,255,255,0);--awb-bg-color-hover:rgba(255,255,255,0);--awb-bg-size:cover;--awb-border-color:#e2e2e2;--awb-border-top:0;--awb-border-right:0;--awb-border-bottom:0;--awb-border-left:0;--awb-border-style:solid;\"><div class=\"fusion-column-wrapper fusion-flex-column-wrapper-legacy\"><div class=\"fusion-sep-clear\"><\/div><div class=\"fusion-separator fusion-full-width-sep\" style=\"margin-left: auto;margin-right: auto;margin-top:80px;width:100%;\"><div class=\"fusion-separator-border sep-double\" style=\"--awb-height:20px;--awb-amount:20px;--awb-sep-color:#ffffff;border-color:#ffffff;border-top-width:0px;border-bottom-width:0px;\"><\/div><\/div><div class=\"fusion-sep-clear\"><\/div><div class=\"fusion-text fusion-text-1\" style=\"--awb-text-transform:none;\"><h1 style=\"text-align: center;\"><span style=\"color: #ffffff;\">International Tax Specialist Group<\/span><\/h1>\n<div class=\"slide-content-container slide-content-center\">\n<div class=\"slide-content\">\n<div class=\"caption \">\n<div class=\"fusion-title-sc-wrapper\">\n<div class=\"fusion-title title fusion-sep-none fusion-title-center fusion-title-size-two fusion-border-below-title\"><\/div>\n<\/div>\n<\/div>\n<\/div>\n<\/div>\n<\/div><div class=\"fusion-sep-clear\"><\/div><div class=\"fusion-separator fusion-full-width-sep\" style=\"margin-left: auto;margin-right: auto;margin-top:40px;width:100%;\"><div class=\"fusion-separator-border sep-double\" style=\"--awb-height:20px;--awb-amount:20px;--awb-sep-color:#ffffff;border-color:#ffffff;border-top-width:0px;border-bottom-width:0px;\"><\/div><\/div><div class=\"fusion-sep-clear\"><\/div><div class=\"fusion-clearfix\"><\/div><\/div><\/div><\/div><\/div><div class=\"fusion-fullwidth fullwidth-box fusion-builder-row-2 fusion-flex-container nonhundred-percent-fullwidth non-hundred-percent-height-scrolling\" style=\"--awb-border-radius-top-left:0px;--awb-border-radius-top-right:0px;--awb-border-radius-bottom-right:0px;--awb-border-radius-bottom-left:0px;--awb-flex-wrap:wrap;\" ><div class=\"fusion-builder-row fusion-row fusion-flex-align-items-flex-start fusion-flex-content-wrap\" style=\"max-width:1248px;margin-left: calc(-4% \/ 2 );margin-right: calc(-4% \/ 2 );\"><div class=\"fusion-layout-column fusion_builder_column fusion-builder-column-1 fusion_builder_column_1_1 1_1 fusion-flex-column\" style=\"--awb-bg-size:cover;--awb-width-large:100%;--awb-margin-top-large:0px;--awb-spacing-right-large:1.92%;--awb-margin-bottom-large:20px;--awb-spacing-left-large:1.92%;--awb-width-medium:100%;--awb-order-medium:0;--awb-spacing-right-medium:1.92%;--awb-spacing-left-medium:1.92%;--awb-width-small:100%;--awb-order-small:0;--awb-spacing-right-small:1.92%;--awb-spacing-left-small:1.92%;\"><div class=\"fusion-column-wrapper fusion-column-has-shadow fusion-flex-justify-content-flex-start fusion-content-layout-column\"><div class=\"fusion-separator\" style=\"align-self: center;margin-left: auto;margin-right: auto;margin-top:10px;margin-bottom:10px;width:100%;max-width:20px;\"><\/div><div class=\"fusion-text fusion-text-2\" style=\"--awb-text-transform:none;\"><p style=\"text-align: justify;\">Des de l&#8217;any 2020, ADDWILL \u00e9s membre de ITSG (International Tax Specialist Group), una xarxa d&#8217;especialistes fiscals amb membres a m\u00e9s de 50 pa\u00efsos de tot el m\u00f3n, inclosos Espanya i Andorra. ADDWILL est\u00e0 representada en aquesta xarxa pels nostres socis del departament fiscal, Stella Ravent\u00f3s i Albert Folguera.<\/p>\n<p style=\"text-align: justify;\">ITSG ofereix assessorament fiscal internacional pr\u00e0ctic, creatiu i d&#8217;alta qualitat a tot el m\u00f3n. Cada membre de l&#8217;ITSG t\u00e9 una gran experi\u00e8ncia en la planificaci\u00f3 fiscal internacional i \u00e9s reconegut com a tal pels seus associats. Es tracta d&#8217;un equip \u00fanic d&#8217;assessors internacionals permanentment en contacte i amb un alt coneixement pr\u00e0ctic dels impostos als seus pa\u00efsos de refer\u00e8ncia.<\/p>\n<p style=\"text-align: justify;\">Els clients dels membres d&#8217;ITSG s\u00f3n empreses de tota mena d&#8217;ind\u00fastria amb vocaci\u00f3 internacional clara i en expansi\u00f3 a nous mercats; executius amb mobilitat internacional; i persones de gran poder adquisitiu que estiguin considerant un canvi de resid\u00e8ncia. Abans de prendre qualsevol decisi\u00f3 rellevant, \u00e9s molt recomanable analitzar la fiscalitat internacional de manera coordinada amb experts fiscals de cada pa\u00eds.<\/p>\n<p style=\"text-align: justify;\">Per a qualsevol necessitat d&#8217;assessorament internacional, agrairem que us poseu en contacte amb nosaltres via email o a la secci\u00f3 <a href=\"https:\/\/addwill.eu\/ca\/contactar\/\"><em>CONTACTAR<\/em> <\/a>fent refer\u00e8ncia a &#8220;assessorament internacional&#8221;.<\/p>\n<\/div><\/div><\/div><\/div><\/div><\/p>\n","protected":false},"excerpt":{"rendered":"","protected":false},"author":14,"featured_media":0,"parent":0,"menu_order":26,"comment_status":"closed","ping_status":"closed","template":"100-width.php","meta":{"footnotes":""},"class_list":["post-12600","page","type-page","status-publish","hentry"],"aioseo_notices":[],"_links":{"self":[{"href":"https:\/\/addwill.eu\/ca\/wp-json\/wp\/v2\/pages\/12600","targetHints":{"allow":["GET"]}}],"collection":[{"href":"https:\/\/addwill.eu\/ca\/wp-json\/wp\/v2\/pages"}],"about":[{"href":"https:\/\/addwill.eu\/ca\/wp-json\/wp\/v2\/types\/page"}],"author":[{"embeddable":true,"href":"https:\/\/addwill.eu\/ca\/wp-json\/wp\/v2\/users\/14"}],"replies":[{"embeddable":true,"href":"https:\/\/addwill.eu\/ca\/wp-json\/wp\/v2\/comments?post=12600"}],"version-history":[{"count":6,"href":"https:\/\/addwill.eu\/ca\/wp-json\/wp\/v2\/pages\/12600\/revisions"}],"predecessor-version":[{"id":12618,"href":"https:\/\/addwill.eu\/ca\/wp-json\/wp\/v2\/pages\/12600\/revisions\/12618"}],"wp:attachment":[{"href":"https:\/\/addwill.eu\/ca\/wp-json\/wp\/v2\/media?parent=12600"}],"curies":[{"name":"wp","href":"https:\/\/api.w.org\/{rel}","templated":true}]}}