{"id":6984,"date":"2019-03-08T11:49:33","date_gmt":"2019-03-08T11:49:33","guid":{"rendered":"https:\/\/addwill.eu\/historia\/rsc\/"},"modified":"2025-07-07T11:23:23","modified_gmt":"2025-07-07T09:23:23","slug":"rsc","status":"publish","type":"page","link":"https:\/\/addwill.eu\/ca\/historia\/rsc\/","title":{"rendered":"RSC"},"content":{"rendered":"<p><div class=\"fusion-fullwidth fullwidth-box fusion-builder-row-1 has-pattern-background has-mask-background fusion-parallax-none nonhundred-percent-fullwidth non-hundred-percent-height-scrolling arriba \" style=\"--awb-background-position:center top;--awb-background-blend-mode:overlay;--awb-border-sizes-top:0px;--awb-border-sizes-bottom:0px;--awb-border-sizes-left:0px;--awb-border-sizes-right:0px;--awb-border-color:#ffffff;--awb-border-radius-top-left:0px;--awb-border-radius-top-right:0px;--awb-border-radius-bottom-right:0px;--awb-border-radius-bottom-left:0px;--awb-padding-bottom:5%;--awb-background-color:rgba(0,0,0,0.14);--awb-background-image:url(&quot;https:\/\/addwill.eu\/wp-content\/uploads\/2020\/02\/addwill-slider-rsc.jpg&quot;);--awb-background-size:cover;--awb-flex-wrap:wrap;\" ><div class=\"fusion-builder-row fusion-row\"><div class=\"fusion-layout-column fusion_builder_column fusion-builder-column-0 fusion_builder_column_1_1 1_1 fusion-one-full fusion-column-first fusion-column-last fusion-column-no-min-height\" style=\"--awb-bg-size:cover;\"><div class=\"fusion-column-wrapper fusion-flex-column-wrapper-legacy\"><div class=\"fusion-column-content-centered\"><div class=\"fusion-column-content\"><div class=\"fusion-sep-clear\"><\/div><div class=\"fusion-separator fusion-full-width-sep\" style=\"margin-left: auto;margin-right: auto;margin-top:100px;width:100%;\"><div class=\"fusion-separator-border sep-double\" style=\"--awb-height:20px;--awb-amount:20px;border-color:#e0dede;border-top-width:0px;border-bottom-width:0px;\"><\/div><\/div><div class=\"fusion-sep-clear\"><\/div><div class=\"fusion-text fusion-text-1\"><h1 style=\"text-align: center;\"><span style=\"color: #ffffff;\">RSC<\/span><\/h1>\n<\/p>\n<div class=\"slide-content-container slide-content-center\">\n<div class=\"slide-content\">\n<div class=\"caption\">\n<div class=\"fusion-title-sc-wrapper\">\n<div class=\"fusion-title title fusion-sep-none fusion-title-center fusion-title-size-two fusion-border-below-title\">\n<h2 class=\"title-heading-center\" style=\"text-align: center;\" data-inline-fontsize=\"true\" data-inline-lineheight=\"true\" data-fontsize=\"30\" data-lineheight=\"36\"><\/h2>\n<\/div>\n<\/div>\n<\/div>\n<\/div>\n<\/div>\n<\/div><\/div><\/div><div class=\"fusion-clearfix\"><\/div><\/div><\/div><\/div><\/div><div class=\"fusion-fullwidth fullwidth-box fusion-builder-row-2 fusion-flex-container has-pattern-background has-mask-background nonhundred-percent-fullwidth non-hundred-percent-height-scrolling\" style=\"--awb-background-position:left top;--awb-border-sizes-top:0px;--awb-border-sizes-bottom:0px;--awb-border-sizes-left:0px;--awb-border-sizes-right:0px;--awb-border-color:#e2e2e2;--awb-border-radius-top-left:0px;--awb-border-radius-top-right:0px;--awb-border-radius-bottom-right:0px;--awb-border-radius-bottom-left:0px;--awb-padding-top:50px;--awb-padding-bottom:50px;--awb-background-color:#ffffff;--awb-flex-wrap:wrap;\" ><div class=\"fusion-builder-row fusion-row fusion-flex-align-items-flex-start fusion-flex-justify-content-center fusion-flex-content-wrap\" style=\"max-width:1248px;margin-left: calc(-4% \/ 2 );margin-right: calc(-4% \/ 2 );\"><div class=\"fusion-layout-column fusion_builder_column fusion-builder-column-1 fusion_builder_column_1_1 1_1 fusion-flex-column bloque800\" style=\"--awb-padding-top:50px;--awb-bg-color:rgba(255,255,255,0);--awb-bg-color-hover:rgba(255,255,255,0);--awb-bg-size:cover;--awb-border-color:#e2e2e2;--awb-border-top:0;--awb-border-right:0;--awb-border-bottom:0;--awb-border-left:0;--awb-border-style:solid;--awb-width-large:100%;--awb-margin-top-large:0px;--awb-spacing-right-large:1.92%;--awb-margin-bottom-large:0px;--awb-spacing-left-large:1.92%;--awb-width-medium:100%;--awb-order-medium:0;--awb-spacing-right-medium:1.92%;--awb-spacing-left-medium:1.92%;--awb-width-small:100%;--awb-order-small:0;--awb-spacing-right-small:1.92%;--awb-spacing-left-small:1.92%;\" data-scroll-devices=\"small-visibility,medium-visibility,large-visibility\"><div class=\"fusion-column-wrapper fusion-column-has-shadow fusion-flex-justify-content-flex-start fusion-content-layout-column\"><div class=\"fusion-title title fusion-title-1 fusion-title-center fusion-title-text fusion-title-size-two\" style=\"--awb-text-color:#000000;\"><div class=\"title-sep-container title-sep-container-left\"><div class=\"title-sep sep- sep-solid\" style=\"border-color:#e0dede;\"><\/div><\/div><span class=\"awb-title-spacer\"><\/span><h2 class=\"fusion-title-heading title-heading-center fusion-responsive-typography-calculated\" style=\"margin:0;--fontSize:30;line-height:1.2;\"><h2><strong>El nostre comprom\u00eds amb el desenvolupament sostenible<\/strong><\/h2><\/h2><span class=\"awb-title-spacer\"><\/span><div class=\"title-sep-container title-sep-container-right\"><div class=\"title-sep sep- sep-solid\" style=\"border-color:#e0dede;\"><\/div><\/div><\/div><div class=\"fusion-separator\" style=\"align-self: center;margin-left: auto;margin-right: auto;margin-top:20px;margin-bottom:40px;width:100%;max-width:70px;\"><div class=\"fusion-separator-border sep-single sep-solid\" style=\"--awb-height:20px;--awb-amount:20px;--awb-sep-color:#8dd404;border-color:#8dd404;border-top-width:3px;\"><\/div><\/div><div class=\"fusion-text fusion-text-2\"><div class=\"vc-row-wrapper vc_inner vc_row-fluid\">\n<div class=\"row wpb_row\">\n<div class=\"vc-column-hover-5ad47a5ced5c9 columns ten\">\n<div class=\"wpb_wrapper\">\n<div class=\"wpb_text_column wpb_content_element \">\n<div class=\"wpb_wrapper\">\n<p>A <strong>addwill<\/strong> estem compromesos amb el desenvolupament sostenible, per aix\u00f2 tenim molt present la comunitat en general en el transcurs de la nostra activitat i les seves possibles preocupacions \u00e8tiques, socials i ambientals. Complim sempre amb els criteris de sostenibilitat del Govern i portem a terme una conducta comercial \u00e8tica i responsable.<\/p>\n<p>Valorem el benestar i el creixement professional del nostre equip. Per aix\u00f2, vetllem per la seva salut i seguretat en el lloc de treball, promovem pol\u00edtiques d\u2019ocupaci\u00f3 equitatives, donem suport a la cultura de l\u2019intercanvi i fomentem un entorn laboral saludable, que afavoreixi la conciliaci\u00f3 entre la vida personal i professional..<\/p>\n<p>Estem compromesos amb un govern corporatiu \u00e8tic que impulsa i practica pol\u00edtiques de transpar\u00e8ncia i directrius de gesti\u00f3 de riscos basades en les millors pr\u00e0ctiques.<\/p>\n<\/div>\n<\/div>\n<\/div>\n<\/div>\n<\/div>\n<\/div>\n<\/div><div class=\"fusion-separator fusion-full-width-sep\" style=\"align-self: center;margin-left: auto;margin-right: auto;margin-top:50px;margin-bottom:50px;width:100%;\"><\/div><\/div><\/div><\/div><\/div><div class=\"fusion-fullwidth fullwidth-box fusion-builder-row-3 fusion-flex-container has-pattern-background has-mask-background nonhundred-percent-fullwidth non-hundred-percent-height-scrolling\" style=\"--awb-background-position:left top;--awb-border-sizes-top:0px;--awb-border-sizes-bottom:0px;--awb-border-sizes-left:0px;--awb-border-sizes-right:0px;--awb-border-color:#e2e2e2;--awb-border-radius-top-left:0px;--awb-border-radius-top-right:0px;--awb-border-radius-bottom-right:0px;--awb-border-radius-bottom-left:0px;--awb-padding-top:50px;--awb-padding-bottom:50px;--awb-background-color:#fafafa;--awb-flex-wrap:wrap;\" ><div class=\"fusion-builder-row fusion-row fusion-flex-align-items-flex-start fusion-flex-justify-content-center fusion-flex-content-wrap\" style=\"max-width:1248px;margin-left: calc(-4% \/ 2 );margin-right: calc(-4% \/ 2 );\"><div class=\"fusion-layout-column fusion_builder_column fusion-builder-column-2 fusion_builder_column_1_1 1_1 fusion-flex-column bloque800\" style=\"--awb-padding-top:50px;--awb-bg-color:rgba(255,255,255,0);--awb-bg-color-hover:rgba(255,255,255,0);--awb-bg-size:cover;--awb-border-color:#e2e2e2;--awb-border-top:0;--awb-border-right:0;--awb-border-bottom:0;--awb-border-left:0;--awb-border-style:solid;--awb-width-large:100%;--awb-margin-top-large:0px;--awb-spacing-right-large:1.92%;--awb-margin-bottom-large:0px;--awb-spacing-left-large:1.92%;--awb-width-medium:100%;--awb-order-medium:0;--awb-spacing-right-medium:1.92%;--awb-spacing-left-medium:1.92%;--awb-width-small:100%;--awb-order-small:0;--awb-spacing-right-small:1.92%;--awb-spacing-left-small:1.92%;\" data-scroll-devices=\"small-visibility,medium-visibility,large-visibility\"><div class=\"fusion-column-wrapper fusion-column-has-shadow fusion-flex-justify-content-flex-start fusion-content-layout-column\"><div class=\"fusion-title title fusion-title-2 fusion-title-center fusion-title-text fusion-title-size-two\" style=\"--awb-text-color:#000000;\"><div class=\"title-sep-container title-sep-container-left\"><div class=\"title-sep sep- sep-solid\" style=\"border-color:#e0dede;\"><\/div><\/div><span class=\"awb-title-spacer\"><\/span><h2 class=\"fusion-title-heading title-heading-center fusion-responsive-typography-calculated\" style=\"margin:0;--fontSize:30;line-height:1.2;\"><h2><strong>El nostre comprom\u00eds social<\/strong><\/h2><\/h2><span class=\"awb-title-spacer\"><\/span><div class=\"title-sep-container title-sep-container-right\"><div class=\"title-sep sep- sep-solid\" style=\"border-color:#e0dede;\"><\/div><\/div><\/div><div class=\"fusion-separator\" style=\"align-self: center;margin-left: auto;margin-right: auto;margin-top:20px;margin-bottom:40px;width:100%;max-width:70px;\"><div class=\"fusion-separator-border sep-single sep-solid\" style=\"--awb-height:20px;--awb-amount:20px;--awb-sep-color:#8dd404;border-color:#8dd404;border-top-width:3px;\"><\/div><\/div><div class=\"fusion-text fusion-text-3 fusion-text-no-margin\" style=\"--awb-margin-bottom:20px;\"><p>A <strong>addwill<\/strong>, entenem la responsabilitat corporativa com una part indissociable de la nostra activitat professional. M\u00e9s enll\u00e0 de l\u2019assessorament legal i econ\u00f2mic, estem compromesos amb la construcci\u00f3 d\u2019una societat m\u00e9s equitativa i cohesionada. Per aix\u00f2 col\u00b7laborem activament amb entitats del tercer sector que treballen a favor de la inclusi\u00f3 social, l\u2019educaci\u00f3, la recerca i el benestar de col\u00b7lectius en situaci\u00f3 de vulnerabilitat.<\/p>\n<p>Aquestes col\u00b7laboracions reflecteixen el nostre comprom\u00eds amb els valors que tamb\u00e9 guien la nostra feina: proximitat, solidaritat, i responsabilitat.<\/p>\n<\/div><div class=\"fusion-text fusion-text-4\"><p><strong>Entitats amb qu\u00e8 col\u00b7laborem:<\/strong><\/p>\n<\/div><ul style=\"--awb-margin-bottom:15px;--awb-line-height:23.8px;--awb-icon-width:23.8px;--awb-icon-height:23.8px;--awb-icon-margin:9.8px;--awb-content-margin:33.6px;\" class=\"fusion-checklist fusion-checklist-1 fusion-checklist-default type-icons\"><li class=\"fusion-li-item\" style=\"\"><span class=\"icon-wrapper circle-no\"><i class=\"fusion-li-icon fa-check fas\" aria-hidden=\"true\"><\/i><\/span><div class=\"fusion-li-item-content\">\n<p><strong>Fundaci\u00f3 Talita<\/strong><\/p>\n<p>Dona suport, ajuda i orientaci\u00f3 a infants i joves amb discapacitat intel\u00b7lectual, acompanya les seves fam\u00edlies, professors i el seu entorn, per aconseguir el m\u00e0xim desenvolupament de les seves capacitats i progressar en la seva integraci\u00f3 i inclusi\u00f3 a l\u2019escola, al seu lloc de treball i en les seves estones d\u2019oci.<\/p>\n<\/div><\/li><li class=\"fusion-li-item\" style=\"\"><span class=\"icon-wrapper circle-no\"><i class=\"fusion-li-icon fa-check fas\" aria-hidden=\"true\"><\/i><\/span><div class=\"fusion-li-item-content\">\n<p><strong>Fundaci\u00f3 Gr\u00e0cia Actua<\/strong><\/p>\n<p>Impulsa ajudes directes a persones i fam\u00edlies vulnerables del barri de Gr\u00e0cia, promovent la cohesi\u00f3 social i la reducci\u00f3 de desigualtats. Treballa per erradicar l\u2019exclusi\u00f3 social, combatre la soledat i fomentar valors per a una societat m\u00e9s solid\u00e0ria.<\/p>\n<\/div><\/li><li class=\"fusion-li-item\" style=\"\"><span class=\"icon-wrapper circle-no\"><i class=\"fusion-li-icon fa-check fas\" aria-hidden=\"true\"><\/i><\/span><div class=\"fusion-li-item-content\">\n<p><strong>Sant Joan de D\u00e9u \u2013 Fundaci\u00f3 de Recerca<\/strong><\/p>\n<p>Promou la recerca biom\u00e8dica centrada en la salut infantil, amb projectes orientats a millorar la qualitat de vida de pacients i fam\u00edlies. La seva tasca afavoreix l\u2019aven\u00e7 cient\u00edfic i la innovaci\u00f3 en l\u2019\u00e0mbit sanitari.<\/p>\n<\/div><\/li><li class=\"fusion-li-item\" style=\"\"><span class=\"icon-wrapper circle-no\"><i class=\"fusion-li-icon fa-check fas\" aria-hidden=\"true\"><\/i><\/span><div class=\"fusion-li-item-content\">\n<p><strong>Fundaci\u00f3 de l\u2019Esperan\u00e7a \u2013 Obra Social \u201cla Caixa\u201d<\/strong><\/p>\n<p>Dissenya i implementa programes d\u2019inserci\u00f3 social i laboral per a col\u00b7lectius en risc d\u2019exclusi\u00f3, amb una atenci\u00f3 especial a la formaci\u00f3 i l\u2019acompanyament individualitzat.<\/p>\n<\/div><\/li><li class=\"fusion-li-item\" style=\"\"><span class=\"icon-wrapper circle-no\"><i class=\"fusion-li-icon fa-check fas\" aria-hidden=\"true\"><\/i><\/span><div class=\"fusion-li-item-content\">\n<p><strong>Fundaci\u00f3 Catalana S\u00edndrome de Down<\/strong><\/p>\n<p>Fomenta la inclusi\u00f3 plena de les persones amb s\u00edndrome de Down a trav\u00e9s de formaci\u00f3, orientaci\u00f3 i acc\u00e9s a l\u2019ocupaci\u00f3. Defensa la dignitat i la igualtat de drets i oportunitats per a persones amb discapacitat intel\u00b7lectual. Treballa per una societat m\u00e9s justa i inclusiva.<\/p>\n<\/div><\/li><li class=\"fusion-li-item\" style=\"\"><span class=\"icon-wrapper circle-no\"><i class=\"fusion-li-icon fa-check fas\" aria-hidden=\"true\"><\/i><\/span><div class=\"fusion-li-item-content\">\n<p><strong>Vallviva Festival<\/strong><\/p>\n<p>Organitza un festival solidari anual a La Garrotxa per recaptar fons destinats a la investigaci\u00f3 del c\u00e0ncer a l\u2019Hospital Vall d\u2019Hebron. El festival combina m\u00fasica, gastronomia i cultura en un entorn \u00fanic, fomentant la responsabilitat social. Tots els beneficis es destinen \u00edntegrament a projectes d\u2019oncologia pedi\u00e0trica i adulta.<\/p>\n<\/div><\/li><li class=\"fusion-li-item\" style=\"\"><span class=\"icon-wrapper circle-no\"><i class=\"fusion-li-icon fa-check fas\" aria-hidden=\"true\"><\/i><\/span><div class=\"fusion-li-item-content\">\n<p><strong>Parr\u00f2quia Verge de la Pau, Barcelona<\/strong><\/p>\n<p>Ofereix acollida i acompanyament a persones en situaci\u00f3 de vulnerabilitat, promovent la inclusi\u00f3 social i el suport comunitari. Actua com un \u201chospital de campanya\u201d, impulsant valors evang\u00e8lics i el comprom\u00eds fraternal al barri del Carmel.<\/p>\n<\/div><\/li><\/ul><\/div><\/div><\/div><\/div><div class=\"fusion-fullwidth fullwidth-box fusion-builder-row-4 fusion-flex-container has-pattern-background has-mask-background nonhundred-percent-fullwidth non-hundred-percent-height-scrolling\" style=\"--awb-border-radius-top-left:0px;--awb-border-radius-top-right:0px;--awb-border-radius-bottom-right:0px;--awb-border-radius-bottom-left:0px;--awb-padding-right:150px;--awb-padding-left:150px;--awb-background-color:#fafafa;--awb-flex-wrap:nowrap;\" ><div class=\"fusion-builder-row fusion-row fusion-flex-align-items-flex-start fusion-flex-justify-content-space-around fusion-flex-content-wrap\" style=\"max-width:1248px;margin-left: calc(-4% \/ 2 );margin-right: calc(-4% \/ 2 );\"><div class=\"fusion-layout-column fusion_builder_column fusion-builder-column-3 fusion_builder_column_1_1 1_1 fusion-flex-column fusion-flex-align-self-flex-start bloque800\" style=\"--awb-bg-size:cover;--awb-width-large:100%;--awb-margin-top-large:0px;--awb-spacing-right-large:15px;--awb-margin-bottom-large:20px;--awb-spacing-left-large:15px;--awb-width-medium:100%;--awb-order-medium:0;--awb-spacing-right-medium:1.92%;--awb-spacing-left-medium:1.92%;--awb-width-small:100%;--awb-order-small:0;--awb-spacing-right-small:1.92%;--awb-spacing-left-small:1.92%;\" data-scroll-devices=\"small-visibility,medium-visibility,large-visibility\"><div class=\"fusion-column-wrapper fusion-column-has-shadow fusion-flex-justify-content-space-around fusion-content-layout-row fusion-content-nowrap\"><div class=\"fusion-image-element \" style=\"--awb-margin-right:15px;--awb-margin-left:15px;--awb-caption-title-font-family:var(--h2_typography-font-family);--awb-caption-title-font-weight:var(--h2_typography-font-weight);--awb-caption-title-font-style:var(--h2_typography-font-style);--awb-caption-title-size:var(--h2_typography-font-size);--awb-caption-title-transform:var(--h2_typography-text-transform);--awb-caption-title-line-height:var(--h2_typography-line-height);--awb-caption-title-letter-spacing:var(--h2_typography-letter-spacing);\"><span class=\" fusion-imageframe imageframe-none imageframe-1 hover-type-none\"><img decoding=\"async\" width=\"265\" height=\"128\" title=\"cropped-cropped-logo-talita_diferentes-formatos_talita-fundacion-horizontal (2)\" src=\"https:\/\/addwill.eu\/wp-content\/uploads\/2025\/07\/cropped-cropped-logo-talita_diferentes-formatos_talita-fundacion-horizontal-2-1.png\" alt class=\"img-responsive wp-image-28559\" srcset=\"https:\/\/addwill.eu\/wp-content\/uploads\/2025\/07\/cropped-cropped-logo-talita_diferentes-formatos_talita-fundacion-horizontal-2-1-200x97.png 200w, https:\/\/addwill.eu\/wp-content\/uploads\/2025\/07\/cropped-cropped-logo-talita_diferentes-formatos_talita-fundacion-horizontal-2-1.png 265w\" sizes=\"(max-width: 1024px) 100vw, (max-width: 850px) 100vw, 265px\" \/><\/span><\/div><div class=\"fusion-image-element \" style=\"--awb-margin-right:15px;--awb-margin-left:15px;--awb-caption-title-font-family:var(--h2_typography-font-family);--awb-caption-title-font-weight:var(--h2_typography-font-weight);--awb-caption-title-font-style:var(--h2_typography-font-style);--awb-caption-title-size:var(--h2_typography-font-size);--awb-caption-title-transform:var(--h2_typography-text-transform);--awb-caption-title-line-height:var(--h2_typography-line-height);--awb-caption-title-letter-spacing:var(--h2_typography-letter-spacing);\"><span class=\" fusion-imageframe imageframe-none imageframe-2 hover-type-none\"><img decoding=\"async\" width=\"181\" height=\"128\" title=\"logo_graciactua (1)\" src=\"https:\/\/addwill.eu\/wp-content\/uploads\/2025\/07\/logo_graciactua-1-1.png\" alt class=\"img-responsive wp-image-28553\"\/><\/span><\/div><div class=\"fusion-image-element \" style=\"--awb-margin-right:15px;--awb-margin-left:15px;--awb-caption-title-font-family:var(--h2_typography-font-family);--awb-caption-title-font-weight:var(--h2_typography-font-weight);--awb-caption-title-font-style:var(--h2_typography-font-style);--awb-caption-title-size:var(--h2_typography-font-size);--awb-caption-title-transform:var(--h2_typography-text-transform);--awb-caption-title-line-height:var(--h2_typography-line-height);--awb-caption-title-letter-spacing:var(--h2_typography-letter-spacing);\"><span class=\" fusion-imageframe imageframe-none imageframe-3 hover-type-none\"><img decoding=\"async\" width=\"246\" height=\"128\" title=\"logo_sjd-fundacio-de-recerca-rgb_1587043278 (1)\" src=\"https:\/\/addwill.eu\/wp-content\/uploads\/2025\/07\/logo_sjd-fundacio-de-recerca-rgb_1587043278-1-2.png\" alt class=\"img-responsive wp-image-28565\" srcset=\"https:\/\/addwill.eu\/wp-content\/uploads\/2025\/07\/logo_sjd-fundacio-de-recerca-rgb_1587043278-1-2-200x104.png 200w, https:\/\/addwill.eu\/wp-content\/uploads\/2025\/07\/logo_sjd-fundacio-de-recerca-rgb_1587043278-1-2.png 246w\" sizes=\"(max-width: 1024px) 100vw, (max-width: 850px) 100vw, 246px\" \/><\/span><\/div><div class=\"fusion-image-element \" style=\"--awb-margin-right:15px;--awb-margin-left:15px;--awb-caption-title-font-family:var(--h2_typography-font-family);--awb-caption-title-font-weight:var(--h2_typography-font-weight);--awb-caption-title-font-style:var(--h2_typography-font-style);--awb-caption-title-size:var(--h2_typography-font-size);--awb-caption-title-transform:var(--h2_typography-text-transform);--awb-caption-title-line-height:var(--h2_typography-line-height);--awb-caption-title-letter-spacing:var(--h2_typography-letter-spacing);\"><span class=\" fusion-imageframe imageframe-none imageframe-4 hover-type-none\"><img decoding=\"async\" width=\"384\" height=\"128\" title=\"cropped-cropped-Vallviva-logo-header-1 (1)\" src=\"https:\/\/addwill.eu\/wp-content\/uploads\/2025\/07\/cropped-cropped-Vallviva-logo-header-1-1-1.png\" alt class=\"img-responsive wp-image-28547\" srcset=\"https:\/\/addwill.eu\/wp-content\/uploads\/2025\/07\/cropped-cropped-Vallviva-logo-header-1-1-1-200x67.png 200w, https:\/\/addwill.eu\/wp-content\/uploads\/2025\/07\/cropped-cropped-Vallviva-logo-header-1-1-1.png 384w\" sizes=\"(max-width: 1024px) 100vw, (max-width: 850px) 100vw, 384px\" \/><\/span><\/div><\/div><\/div><\/div><\/div><div class=\"fusion-fullwidth fullwidth-box fusion-builder-row-5 fusion-flex-container has-pattern-background has-mask-background nonhundred-percent-fullwidth non-hundred-percent-height-scrolling\" style=\"--awb-border-radius-top-left:0px;--awb-border-radius-top-right:0px;--awb-border-radius-bottom-right:0px;--awb-border-radius-bottom-left:0px;--awb-padding-right:150px;--awb-padding-bottom:100px;--awb-padding-left:150px;--awb-background-color:#fafafa;--awb-flex-wrap:wrap;\" ><div class=\"fusion-builder-row fusion-row fusion-flex-align-items-flex-start fusion-flex-justify-content-space-evenly fusion-flex-content-wrap\" style=\"max-width:1248px;margin-left: calc(-4% \/ 2 );margin-right: calc(-4% \/ 2 );\"><div class=\"fusion-layout-column fusion_builder_column fusion-builder-column-4 fusion_builder_column_1_1 1_1 fusion-flex-column fusion-flex-align-self-flex-start bloque800\" style=\"--awb-padding-right:80px;--awb-padding-left:80px;--awb-bg-size:cover;--awb-width-large:100%;--awb-margin-top-large:0px;--awb-spacing-right-large:1.92%;--awb-margin-bottom-large:20px;--awb-spacing-left-large:1.92%;--awb-width-medium:100%;--awb-order-medium:0;--awb-spacing-right-medium:1.92%;--awb-spacing-left-medium:1.92%;--awb-width-small:100%;--awb-order-small:0;--awb-spacing-right-small:1.92%;--awb-spacing-left-small:1.92%;\" data-scroll-devices=\"small-visibility,medium-visibility,large-visibility\"><div class=\"fusion-column-wrapper fusion-column-has-shadow fusion-flex-justify-content-space-around fusion-content-layout-row fusion-content-nowrap\"><div class=\"fusion-image-element \" style=\"--awb-margin-right:20px;--awb-caption-title-font-family:var(--h2_typography-font-family);--awb-caption-title-font-weight:var(--h2_typography-font-weight);--awb-caption-title-font-style:var(--h2_typography-font-style);--awb-caption-title-size:var(--h2_typography-font-size);--awb-caption-title-transform:var(--h2_typography-text-transform);--awb-caption-title-line-height:var(--h2_typography-line-height);--awb-caption-title-letter-spacing:var(--h2_typography-letter-spacing);\"><span class=\" fusion-imageframe imageframe-none imageframe-5 hover-type-none\"><img decoding=\"async\" width=\"180\" height=\"180\" title=\"images 11.27.34\" src=\"https:\/\/addwill.eu\/wp-content\/uploads\/2025\/07\/images-11.27.34.png\" alt class=\"img-responsive wp-image-28583\" srcset=\"https:\/\/addwill.eu\/wp-content\/uploads\/2025\/07\/images-11.27.34-66x66.png 66w, https:\/\/addwill.eu\/wp-content\/uploads\/2025\/07\/images-11.27.34-150x150.png 150w, https:\/\/addwill.eu\/wp-content\/uploads\/2025\/07\/images-11.27.34.png 180w\" sizes=\"(max-width: 180px) 100vw, 180px\" \/><\/span><\/div><div class=\"fusion-image-element \" style=\"--awb-margin-right:15px;--awb-margin-left:15px;--awb-caption-title-font-family:var(--h2_typography-font-family);--awb-caption-title-font-weight:var(--h2_typography-font-weight);--awb-caption-title-font-style:var(--h2_typography-font-style);--awb-caption-title-size:var(--h2_typography-font-size);--awb-caption-title-transform:var(--h2_typography-text-transform);--awb-caption-title-line-height:var(--h2_typography-line-height);--awb-caption-title-letter-spacing:var(--h2_typography-letter-spacing);\"><span class=\" fusion-imageframe imageframe-none imageframe-6 hover-type-none\"><img decoding=\"async\" width=\"299\" height=\"180\" title=\"FCSD\" src=\"https:\/\/addwill.eu\/wp-content\/uploads\/2025\/07\/FCSD-2.png\" alt class=\"img-responsive wp-image-28590\" srcset=\"https:\/\/addwill.eu\/wp-content\/uploads\/2025\/07\/FCSD-2-200x120.png 200w, https:\/\/addwill.eu\/wp-content\/uploads\/2025\/07\/FCSD-2.png 299w\" sizes=\"(max-width: 1024px) 100vw, (max-width: 850px) 100vw, 299px\" \/><\/span><\/div><div class=\"fusion-image-element \" style=\"--awb-margin-right:15px;--awb-margin-left:15px;--awb-caption-title-font-family:var(--h2_typography-font-family);--awb-caption-title-font-weight:var(--h2_typography-font-weight);--awb-caption-title-font-style:var(--h2_typography-font-style);--awb-caption-title-size:var(--h2_typography-font-size);--awb-caption-title-transform:var(--h2_typography-text-transform);--awb-caption-title-line-height:var(--h2_typography-line-height);--awb-caption-title-letter-spacing:var(--h2_typography-letter-spacing);\"><span class=\" fusion-imageframe imageframe-none imageframe-7 hover-type-none\"><img decoding=\"async\" width=\"600\" height=\"180\" title=\"LaCaixa\" src=\"https:\/\/addwill.eu\/wp-content\/uploads\/2025\/07\/LaCaixa-4.png\" alt class=\"img-responsive wp-image-28596\" srcset=\"https:\/\/addwill.eu\/wp-content\/uploads\/2025\/07\/LaCaixa-4-200x60.png 200w, https:\/\/addwill.eu\/wp-content\/uploads\/2025\/07\/LaCaixa-4-400x120.png 400w, https:\/\/addwill.eu\/wp-content\/uploads\/2025\/07\/LaCaixa-4.png 600w\" sizes=\"(max-width: 1024px) 100vw, (max-width: 850px) 100vw, 600px\" \/><\/span><\/div><div class=\"fusion-text fusion-text-5\"><style>.fusion-li-item-content p {margin-bottom:0px !important;}<\/style>\n<\/div><\/div><\/div><\/div><\/div><\/p>\n","protected":false},"excerpt":{"rendered":"","protected":false},"author":12,"featured_media":0,"parent":6973,"menu_order":3,"comment_status":"closed","ping_status":"closed","template":"100-width.php","meta":{"footnotes":""},"class_list":["post-6984","page","type-page","status-publish","hentry"],"aioseo_notices":[],"_links":{"self":[{"href":"https:\/\/addwill.eu\/ca\/wp-json\/wp\/v2\/pages\/6984","targetHints":{"allow":["GET"]}}],"collection":[{"href":"https:\/\/addwill.eu\/ca\/wp-json\/wp\/v2\/pages"}],"about":[{"href":"https:\/\/addwill.eu\/ca\/wp-json\/wp\/v2\/types\/page"}],"author":[{"embeddable":true,"href":"https:\/\/addwill.eu\/ca\/wp-json\/wp\/v2\/users\/12"}],"replies":[{"embeddable":true,"href":"https:\/\/addwill.eu\/ca\/wp-json\/wp\/v2\/comments?post=6984"}],"version-history":[{"count":14,"href":"https:\/\/addwill.eu\/ca\/wp-json\/wp\/v2\/pages\/6984\/revisions"}],"predecessor-version":[{"id":28609,"href":"https:\/\/addwill.eu\/ca\/wp-json\/wp\/v2\/pages\/6984\/revisions\/28609"}],"up":[{"embeddable":true,"href":"https:\/\/addwill.eu\/ca\/wp-json\/wp\/v2\/pages\/6973"}],"wp:attachment":[{"href":"https:\/\/addwill.eu\/ca\/wp-json\/wp\/v2\/media?parent=6984"}],"curies":[{"name":"wp","href":"https:\/\/api.w.org\/{rel}","templated":true}]}}