{"id":7471,"date":"2018-04-25T13:21:02","date_gmt":"2018-04-25T13:21:02","guid":{"rendered":"https:\/\/addwill.eu\/politica-de-cookies\/"},"modified":"2021-11-29T09:00:37","modified_gmt":"2021-11-29T09:00:37","slug":"politica-de-cookies","status":"publish","type":"page","link":"https:\/\/addwill.eu\/ca\/politica-de-cookies\/","title":{"rendered":"Pol\u00edtica de cookies"},"content":{"rendered":"<div class=\"fusion-fullwidth fullwidth-box fusion-builder-row-1 nonhundred-percent-fullwidth non-hundred-percent-height-scrolling\" style=\"--awb-background-position:left top;--awb-border-sizes-top:0px;--awb-border-sizes-bottom:0px;--awb-border-sizes-left:0px;--awb-border-sizes-right:0px;--awb-border-color:#ffffff;--awb-border-radius-top-left:0px;--awb-border-radius-top-right:0px;--awb-border-radius-bottom-right:0px;--awb-border-radius-bottom-left:0px;--awb-padding-top:0px;--awb-padding-bottom:60px;--awb-background-color:#ffffff;--awb-flex-wrap:wrap;\" ><div class=\"fusion-builder-row fusion-row\"><div class=\"fusion-layout-column fusion_builder_column fusion-builder-column-0 fusion_builder_column_1_1 1_1 fusion-one-full fusion-column-first fusion-column-last fusion-column-no-min-height\" style=\"--awb-bg-size:cover;--awb-margin-bottom:0px;\"><div class=\"fusion-column-wrapper fusion-flex-column-wrapper-legacy\"><div class=\"fusion-sep-clear\"><\/div><div class=\"fusion-separator fusion-full-width-sep\" style=\"margin-left: auto;margin-right: auto;margin-top:20px;width:100%;\"><div class=\"fusion-separator-border sep-double\" style=\"--awb-height:20px;--awb-amount:20px;--awb-sep-color:rgba(224,222,222,0);border-color:rgba(224,222,222,0);border-top-width:0px;border-bottom-width:0px;\"><\/div><\/div><div class=\"fusion-sep-clear\"><\/div><div class=\"fusion-text fusion-text-1\"><h4 class=\"fusion-responsive-typography-calculated\" style=\"text-align: left; --fontsize: 29; line-height: 1.2;\" data-fontsize=\"29\" data-lineheight=\"34.8px\">Pol\u00edtica de cookies<\/h4>\n<p>&nbsp;<\/p>\n<\/div><div class=\"fusion-text fusion-text-2\"><h3 style=\"color: #92ba00;\">Qu\u00e8 s\u00f3n les cookies?<\/h3>\n<p>Una cookie \u00e9s un fitxer que es descarrega en el seu ordinador en accedir a determinades p\u00e0gines web. Les cookies permeten a una p\u00e0gina web, entre altres coses, emmagatzemar i recuperar informaci\u00f3 sobre els h\u00e0bits de navegaci\u00f3 d\u2019un usuari o del seu equip i, depenent de la informaci\u00f3 que continguin i de la forma en qu\u00e8 utilitzi el seu equip, poden utilitzar-se per recon\u00e8ixer l\u2019usuari.<\/p>\n<h3 style=\"color: #92ba00;\">Quins tipus de cookies utilitza aquesta p\u00e0gina web?<\/h3>\n<p>Aqusta p\u00e0gina web utilitza els seg\u00fcents tipus de cookies:<\/p>\n<ul>\n<li><b>Cookies d\u2019an\u00e0lisi: <\/b>s\u00f3n aquelles que b\u00e9 tractades per nosaltres o per tercers, ens permeten quantificar el nombre d\u2019usuaris i aix\u00ed realitzar la mesura i an\u00e0lisi estad\u00edstica de l\u2019\u00fas que fan els usuaris del servei ofertat. Per a aix\u00f2 s\u2019analitza la seva navegaci\u00f3 a la nostra p\u00e0gina web per tal de millorar l\u2019oferta de productes o serveis que li oferim.<\/li>\n<li><b>Cookies t\u00e8cniques: <\/b>s\u00f3n aquelles que permeten a l\u2019usuari la navegaci\u00f3 a trav\u00e9s de l\u2019\u00e0rea restringida i la utilitzaci\u00f3 de les seves diferents funcions, com per exemple, dur a terme el proc\u00e9s de compra d\u2019un article.<\/li>\n<li><b>Cookies de personalitzaci\u00f3: <\/b>s\u00f3n aquelles que permeten a l\u2019usuari accedir al servei amb algunes caracter\u00edstiques de car\u00e0cter general predefinides en funci\u00f3 d\u2019una s\u00e8rie de criteris en el terminal de l\u2019usuari com per exemple serien l\u2019idioma o el tipus de navegador a trav\u00e9s del qual es connecta al servei.<\/li>\n<li><b>Cookies publicit\u00e0ries:<\/b> s\u00f3n aquelles que, tractades per aquesta web o per tercers, permeten gestionar de la forma m\u00e9s efica\u00e7 possible l\u2019oferta dels espais publicitaris que hi ha a la p\u00e0gina web, adequant el contingut de l\u2019anunci al contingut del servei sol\u00b7licitat o a l\u2019\u00fas que realitzi de la nostra p\u00e0gina web. Per a aix\u00f2 podem analitzar els seus h\u00e0bits de navegaci\u00f3 a Internet i podem mostrar-li publicitat relacionada amb el seu perfil de navegaci\u00f3.<\/li>\n<li><b>Cookies de publicitat comportamental: <\/b>S\u00f3n aquelles que permeten la gesti\u00f3, de la forma m\u00e9s efica\u00e7 possible, dels espais publicitaris que, en el seu cas, l\u2019editor hagi incl\u00f2s en una p\u00e0gina web, aplicaci\u00f3 o plataforma des de la qual presta el servei sol\u00b7licitat. Aquest tipus de cookies emmagatzemen informaci\u00f3 del comportament dels visitants obtinguda a trav\u00e9s de l\u2019observaci\u00f3 continuada dels seus h\u00e0bits de navegaci\u00f3, el que permet desenvolupar un perfil espec\u00edfic per mostrar avisos publicitaris en funci\u00f3 d\u2019aquest.<\/li>\n<\/ul>\n<h3 style=\"color: #92ba00;\">Desactivar les cookies<\/h3>\n<p>Pot vost\u00e8 permetre, bloquejar o eliminar les cookies instal\u00b7lades en el seu equip mitjan\u00e7ant la configuraci\u00f3 de les opcions del navegador instal\u00b7lat en el seu ordinador.<\/p>\n<p>A la majoria dels navegadors web s\u2019ofereix la possibilitat de permetre, bloquejar o eliminar les cookies instal\u00b7lades en el seu equip.<\/p>\n<p>A continuaci\u00f3 pot accedir a la configuraci\u00f3 dels navegadors web m\u00e9s freq\u00fcents per acceptar, instal\u00b7lar o desactivar les cookies:<\/p>\n<ul>\n<li>Configurar cookies a Google Chrome<\/li>\n<li>Configurar cookies a Microsoft Internet Explorer<\/li>\n<li>Configurar cookies a Mozilla Firefox<\/li>\n<li>Configurar cookies a Safari (Apple)<\/li>\n<li>Configurar cookies Opera<\/li>\n<\/ul>\n<h3 style=\"color: #92ba00;\">Cookies de tercers<\/h3>\n<p>Aquesta p\u00e0gina web utilitza serveis de tercers per recopilar informaci\u00f3 amb finalitats estad\u00edstiques i d\u2019\u00fas de la web. S\u2019utilitzen cookies de DoubleClick per millorar la publicitat que s\u2019inclou en el lloc web. S\u00f3n utilitzades per orientar la publicitat segons el contingut que \u00e9s rellevant per a un usuari, millorant-ne aix\u00ed la qualitat d\u2019experi\u00e8ncia en l\u2019\u00fas.<\/p>\n<p>En concret, utilitzem els serveis de Google Adsense i de Google Analytics per a les nostres estad\u00edstiques i publicitat. Algunes cookies s\u00f3n essencials per al funcionament del lloc, per exemple el cercador incorporat.<\/p>\n<p>El nostre lloc inclou altres funcionalitats proporcionades per tercers. Vost\u00e8 pot f\u00e0cilment compartir el contingut en xarxes socials com Facebook, Twitter o Google +, amb els botons que hem incl\u00f2s amb aquesta finalitat.<\/p>\n<p>Advert\u00e8ncia sobre eliminar cookies.<\/p>\n<p>Vost\u00e8 pot eliminar i bloquejar totes les cookies d\u2019aquest lloc, per\u00f2 part del lloc no funcionar\u00e0 o la qualitat de la p\u00e0gina web pot veure\u2019s afectada.<\/p>\n<p>Si t\u00e9 qualsevol dubte sobre la nostra pol\u00edtica de cookies, pot contactar amb aquesta p\u00e0gina web a trav\u00e9s dels nostres canals de Contacte.<\/p>\n<h3 style=\"color: #92ba00;\">Termini de conservaci\u00f3 de dades<\/h3>\n<p>Quant de temps guardem les vostres dades?<\/p>\n<p>D&#8217;acord amb el principi de minimitzaci\u00f3 i de limitaci\u00f3 del termini de conservaci\u00f3, les dades proporcionades per les cookies es conservaran durant el per\u00edode de temps raonablement necessari per complir amb la finalitat i\/o finalitats espec\u00edfiques per a la qual es demanen.<\/p>\n<p>Informaci\u00f3 sobre drets i com exercir-los<\/p>\n<p>Podeu obtenir tota la informaci\u00f3 necess\u00e0ria sobre els vostres drets pel que fa a les vostres dades, i sobre com exercir-les, consultant la nostra Pol\u00edtica de Privadesa..<\/p>\n<\/div><div class=\"fusion-clearfix\"><\/div><\/div><\/div><\/div><\/div>\n","protected":false},"excerpt":{"rendered":"","protected":false},"author":12,"featured_media":0,"parent":0,"menu_order":34,"comment_status":"closed","ping_status":"closed","template":"100-width.php","meta":{"footnotes":""},"class_list":["post-7471","page","type-page","status-publish","hentry"],"aioseo_notices":[],"_links":{"self":[{"href":"https:\/\/addwill.eu\/ca\/wp-json\/wp\/v2\/pages\/7471","targetHints":{"allow":["GET"]}}],"collection":[{"href":"https:\/\/addwill.eu\/ca\/wp-json\/wp\/v2\/pages"}],"about":[{"href":"https:\/\/addwill.eu\/ca\/wp-json\/wp\/v2\/types\/page"}],"author":[{"embeddable":true,"href":"https:\/\/addwill.eu\/ca\/wp-json\/wp\/v2\/users\/12"}],"replies":[{"embeddable":true,"href":"https:\/\/addwill.eu\/ca\/wp-json\/wp\/v2\/comments?post=7471"}],"version-history":[{"count":2,"href":"https:\/\/addwill.eu\/ca\/wp-json\/wp\/v2\/pages\/7471\/revisions"}],"predecessor-version":[{"id":10712,"href":"https:\/\/addwill.eu\/ca\/wp-json\/wp\/v2\/pages\/7471\/revisions\/10712"}],"wp:attachment":[{"href":"https:\/\/addwill.eu\/ca\/wp-json\/wp\/v2\/media?parent=7471"}],"curies":[{"name":"wp","href":"https:\/\/api.w.org\/{rel}","templated":true}]}}