{"id":9684,"date":"2021-03-11T11:36:38","date_gmt":"2021-03-11T11:36:38","guid":{"rendered":"https:\/\/addwill.eu\/?page_id=9684"},"modified":"2022-06-28T13:14:05","modified_gmt":"2022-06-28T13:14:05","slug":"noticies-addwill","status":"publish","type":"page","link":"https:\/\/addwill.eu\/ca\/noticies-addwill\/","title":{"rendered":"Noticies Addwill"},"content":{"rendered":"<p><div class=\"fusion-fullwidth fullwidth-box fusion-builder-row-1 nonhundred-percent-fullwidth non-hundred-percent-height-scrolling\" style=\"--awb-background-position:left top;--awb-border-sizes-top:0px;--awb-border-sizes-bottom:0px;--awb-border-sizes-left:0px;--awb-border-sizes-right:0px;--awb-border-radius-top-left:0px;--awb-border-radius-top-right:0px;--awb-border-radius-bottom-right:0px;--awb-border-radius-bottom-left:0px;--awb-padding-top:80px;--awb-padding-bottom:10px;--awb-background-color:rgba(255,255,255,0);--awb-flex-wrap:wrap;\" ><div class=\"fusion-builder-row fusion-row\"><div class=\"fusion-layout-column fusion_builder_column fusion-builder-column-0 fusion_builder_column_1_1 1_1 fusion-one-full fusion-column-first fusion-column-last\" style=\"--awb-bg-size:cover;\"><div class=\"fusion-column-wrapper fusion-flex-column-wrapper-legacy\"><div class=\"fusion-text fusion-text-1\" style=\"--awb-text-transform:none;\"><h2><strong><span style=\"color: #333333;\">Not\u00edcies Addwill<\/span><\/strong><\/h2>\n<\/div><div class=\"fusion-sep-clear\"><\/div><div class=\"fusion-separator fusion-full-width-sep\" style=\"margin-left: auto;margin-right: auto;margin-top:25px;width:100%;\"><\/div><div class=\"fusion-sep-clear\"><\/div><div class=\"fusion-clearfix\"><\/div><\/div><\/div><\/div><\/div><div class=\"fusion-fullwidth fullwidth-box fusion-builder-row-2 nonhundred-percent-fullwidth non-hundred-percent-height-scrolling\" style=\"--awb-background-position:left top;--awb-border-sizes-top:0px;--awb-border-sizes-bottom:0px;--awb-border-sizes-left:0px;--awb-border-sizes-right:0px;--awb-border-radius-top-left:0px;--awb-border-radius-top-right:0px;--awb-border-radius-bottom-right:0px;--awb-border-radius-bottom-left:0px;--awb-padding-top:0px;--awb-padding-right:0px;--awb-padding-bottom:20px;--awb-padding-left:0px;--awb-margin-bottom:0px;--awb-background-color:#ffffff;--awb-flex-wrap:wrap;\" ><div class=\"fusion-builder-row fusion-row\"><div class=\"fusion-layout-column fusion_builder_column fusion-builder-column-1 fusion_builder_column_1_1 1_1 fusion-one-full fusion-column-first fusion-column-last rounded-border\" style=\"--awb-padding-bottom:50px;--awb-bg-color:#ffffff;--awb-bg-color-hover:#ffffff;--awb-bg-size:cover;--awb-border-color:#8dd404;--awb-border-top:0;--awb-border-right:0;--awb-border-bottom:0;--awb-border-left:0;--awb-border-style:solid;--awb-margin-bottom:0px;\"><div class=\"fusion-column-wrapper fusion-column-has-shadow fusion-flex-column-wrapper-legacy\"><div class=\"fusion-sep-clear\"><\/div><div class=\"fusion-separator fusion-full-width-sep\" style=\"margin-left: auto;margin-right: auto;width:100%;\"><div class=\"fusion-separator-border sep-single sep-solid\" style=\"--awb-height:20px;--awb-amount:20px;--awb-sep-color:#8dd404;border-color:#8dd404;border-top-width:3px;\"><\/div><\/div><div class=\"fusion-sep-clear\"><\/div><div class=\"fusion-clearfix\"><\/div><\/div><\/div><\/div><\/div><div class=\"fusion-fullwidth fullwidth-box fusion-builder-row-3 nonhundred-percent-fullwidth non-hundred-percent-height-scrolling fusion-equal-height-columns\" style=\"--awb-background-position:left top;--awb-border-sizes-top:0px;--awb-border-sizes-bottom:0px;--awb-border-sizes-left:0px;--awb-border-sizes-right:0px;--awb-border-radius-top-left:0px;--awb-border-radius-top-right:0px;--awb-border-radius-bottom-right:0px;--awb-border-radius-bottom-left:0px;--awb-padding-top:0px;--awb-padding-right:30px;--awb-padding-bottom:30px;--awb-padding-left:30px;--awb-margin-bottom:80px;--awb-background-color:#ffffff;--awb-flex-wrap:wrap;\" ><div class=\"fusion-builder-row fusion-row\"><div class=\"fusion-layout-column fusion_builder_column fusion-builder-column-2 fusion_builder_column_1_1 1_1 fusion-one-full fusion-column-first fusion-column-last\" style=\"--awb-bg-size:cover;\"><div class=\"fusion-column-wrapper fusion-column-has-shadow fusion-flex-column-wrapper-legacy\"><div class=\"fusion-recent-posts fusion-recent-posts-1 avada-container layout-default layout-columns-2\"><section class=\"fusion-columns columns fusion-columns-2 columns-2\"><article class=\"post fusion-column column col col-lg-6 col-md-6 col-sm-6\"><div class=\"fusion-flexslider fusion-flexslider-loading flexslider flexslider-hover-type-none\"><ul class=\"slides\"><li><a href=\"https:\/\/addwill.eu\/ca\/albert-folguera-participa-en-una-formacio-sobre-iva-intracomunitari-vendes-a-distancia-i-oss-amb-aedaf-catalunya\/\" aria-label=\"Albert Folguera participa en una formaci\u00f3 sobre IVA intracomunitari, vendes a dist\u00e0ncia i OSS amb AEDAF Catalunya\" class=\"hover-type-none\"><img decoding=\"async\" width=\"2560\" height=\"768\" src=\"https:\/\/addwill.eu\/wp-content\/uploads\/2026\/03\/23_03_Curso_de_IVA_2-scaled.jpg\" class=\"attachment-full size-full\" alt=\"\" srcset=\"https:\/\/addwill.eu\/wp-content\/uploads\/2026\/03\/23_03_Curso_de_IVA_2-200x60.jpg 200w, https:\/\/addwill.eu\/wp-content\/uploads\/2026\/03\/23_03_Curso_de_IVA_2-400x120.jpg 400w, https:\/\/addwill.eu\/wp-content\/uploads\/2026\/03\/23_03_Curso_de_IVA_2-600x180.jpg 600w, https:\/\/addwill.eu\/wp-content\/uploads\/2026\/03\/23_03_Curso_de_IVA_2-800x240.jpg 800w, https:\/\/addwill.eu\/wp-content\/uploads\/2026\/03\/23_03_Curso_de_IVA_2-1200x360.jpg 1200w, https:\/\/addwill.eu\/wp-content\/uploads\/2026\/03\/23_03_Curso_de_IVA_2-scaled.jpg 2560w\" sizes=\"(min-width: 2200px) 100vw, (min-width: 732px) 585px, (min-width: 640px) 732px, \" \/><\/a><\/li><\/ul><\/div><div class=\"recent-posts-content\"><span class=\"vcard\" style=\"display: none;\"><span class=\"fn\"><a href=\"https:\/\/addwill.eu\/ca\/author\/mrojas\/\" title=\"Entrades de Miriam Rojas\" rel=\"author\">Miriam Rojas<\/a><\/span><\/span><span class=\"updated\" style=\"display:none;\">2026-03-24T09:20:32+01:00<\/span><h4 class=\"entry-title\"><a href=\"https:\/\/addwill.eu\/ca\/albert-folguera-participa-en-una-formacio-sobre-iva-intracomunitari-vendes-a-distancia-i-oss-amb-aedaf-catalunya\/\">Albert Folguera participa en una formaci\u00f3 sobre IVA intracomunitari, vendes a dist\u00e0ncia i OSS amb AEDAF Catalunya<\/a><\/h4><p class=\"meta\"><span class=\"vcard\" style=\"display: none;\"><span class=\"fn\"><a href=\"https:\/\/addwill.eu\/ca\/author\/mrojas\/\" title=\"Entrades de Miriam Rojas\" rel=\"author\">Miriam Rojas<\/a><\/span><\/span><span class=\"updated\" style=\"display:none;\">2026-03-24T09:20:32+01:00<\/span><span>2026\/03\/24<\/span><span class=\"fusion-inline-sep\">|<\/span><a href=\"https:\/\/addwill.eu\/ca\/category\/news-ca\/\" rel=\"category tag\">News<\/a><span class=\"fusion-inline-sep\">|<\/span><\/p><\/div><\/article><article class=\"post fusion-column column col col-lg-6 col-md-6 col-sm-6\"><div class=\"fusion-flexslider fusion-flexslider-loading flexslider flexslider-hover-type-none\"><ul class=\"slides\"><li><a href=\"https:\/\/addwill.eu\/ca\/gerard-boleda-i-beatriz-argiles-nous-socis-daddwill\/\" aria-label=\"Gerard Boleda i Beatriz Argil\u00e9s, nous socis d&#8217;addwill\" class=\"hover-type-none\"><img decoding=\"async\" width=\"1201\" height=\"361\" src=\"https:\/\/addwill.eu\/wp-content\/uploads\/2026\/01\/Gerard-Boleda_Beatriz-1.jpg\" class=\"attachment-full size-full\" alt=\"\" srcset=\"https:\/\/addwill.eu\/wp-content\/uploads\/2026\/01\/Gerard-Boleda_Beatriz-1-200x60.jpg 200w, https:\/\/addwill.eu\/wp-content\/uploads\/2026\/01\/Gerard-Boleda_Beatriz-1-400x120.jpg 400w, https:\/\/addwill.eu\/wp-content\/uploads\/2026\/01\/Gerard-Boleda_Beatriz-1-600x180.jpg 600w, https:\/\/addwill.eu\/wp-content\/uploads\/2026\/01\/Gerard-Boleda_Beatriz-1-800x240.jpg 800w, https:\/\/addwill.eu\/wp-content\/uploads\/2026\/01\/Gerard-Boleda_Beatriz-1.jpg 1201w\" sizes=\"(min-width: 2200px) 100vw, (min-width: 732px) 585px, (min-width: 640px) 732px, \" \/><\/a><\/li><\/ul><\/div><div class=\"recent-posts-content\"><span class=\"vcard\" style=\"display: none;\"><span class=\"fn\"><a href=\"https:\/\/addwill.eu\/ca\/author\/mrojas\/\" title=\"Entrades de Miriam Rojas\" rel=\"author\">Miriam Rojas<\/a><\/span><\/span><span class=\"updated\" style=\"display:none;\">2026-01-29T14:38:24+01:00<\/span><h4 class=\"entry-title\"><a href=\"https:\/\/addwill.eu\/ca\/gerard-boleda-i-beatriz-argiles-nous-socis-daddwill\/\">Gerard Boleda i Beatriz Argil\u00e9s, nous socis d&#8217;addwill<\/a><\/h4><p class=\"meta\"><span class=\"vcard\" style=\"display: none;\"><span class=\"fn\"><a href=\"https:\/\/addwill.eu\/ca\/author\/mrojas\/\" title=\"Entrades de Miriam Rojas\" rel=\"author\">Miriam Rojas<\/a><\/span><\/span><span class=\"updated\" style=\"display:none;\">2026-01-29T14:38:24+01:00<\/span><span>2026\/01\/29<\/span><span class=\"fusion-inline-sep\">|<\/span><a href=\"https:\/\/addwill.eu\/ca\/category\/news-ca\/\" rel=\"category tag\">News<\/a><span class=\"fusion-inline-sep\">|<\/span><\/p><\/div><\/article><article class=\"post fusion-column column col col-lg-6 col-md-6 col-sm-6\"><div class=\"fusion-flexslider fusion-flexslider-loading flexslider flexslider-hover-type-none\"><ul class=\"slides\"><li><a href=\"https:\/\/addwill.eu\/ca\/dinar-de-nadal-addwill-2025-un-any-de-creixement-equip-i-compromis\/\" aria-label=\"Dinar de Nadal addwill 2025: un any de creixement, equip i comprom\u00eds\" class=\"hover-type-none\"><img decoding=\"async\" width=\"2500\" height=\"750\" src=\"https:\/\/addwill.eu\/wp-content\/uploads\/2025\/12\/addwill_Web_2212_Nadal.jpg\" class=\"attachment-full size-full\" alt=\"\" srcset=\"https:\/\/addwill.eu\/wp-content\/uploads\/2025\/12\/addwill_Web_2212_Nadal-200x60.jpg 200w, https:\/\/addwill.eu\/wp-content\/uploads\/2025\/12\/addwill_Web_2212_Nadal-400x120.jpg 400w, https:\/\/addwill.eu\/wp-content\/uploads\/2025\/12\/addwill_Web_2212_Nadal-600x180.jpg 600w, https:\/\/addwill.eu\/wp-content\/uploads\/2025\/12\/addwill_Web_2212_Nadal-800x240.jpg 800w, https:\/\/addwill.eu\/wp-content\/uploads\/2025\/12\/addwill_Web_2212_Nadal-1200x360.jpg 1200w, https:\/\/addwill.eu\/wp-content\/uploads\/2025\/12\/addwill_Web_2212_Nadal.jpg 2500w\" sizes=\"(min-width: 2200px) 100vw, (min-width: 732px) 585px, (min-width: 640px) 732px, \" \/><\/a><\/li><\/ul><\/div><div class=\"recent-posts-content\"><span class=\"vcard\" style=\"display: none;\"><span class=\"fn\"><a href=\"https:\/\/addwill.eu\/ca\/author\/mrojas\/\" title=\"Entrades de Miriam Rojas\" rel=\"author\">Miriam Rojas<\/a><\/span><\/span><span class=\"updated\" style=\"display:none;\">2025-12-22T12:42:44+01:00<\/span><h4 class=\"entry-title\"><a href=\"https:\/\/addwill.eu\/ca\/dinar-de-nadal-addwill-2025-un-any-de-creixement-equip-i-compromis\/\">Dinar de Nadal addwill 2025: un any de creixement, equip i comprom\u00eds<\/a><\/h4><p class=\"meta\"><span class=\"vcard\" style=\"display: none;\"><span class=\"fn\"><a href=\"https:\/\/addwill.eu\/ca\/author\/mrojas\/\" title=\"Entrades de Miriam Rojas\" rel=\"author\">Miriam Rojas<\/a><\/span><\/span><span class=\"updated\" style=\"display:none;\">2025-12-22T12:42:44+01:00<\/span><span>2025\/12\/22<\/span><span class=\"fusion-inline-sep\">|<\/span><a href=\"https:\/\/addwill.eu\/ca\/category\/news-ca\/\" rel=\"category tag\">News<\/a><span class=\"fusion-inline-sep\">|<\/span><\/p><\/div><\/article><article class=\"post fusion-column column col col-lg-6 col-md-6 col-sm-6\"><div class=\"fusion-flexslider fusion-flexslider-loading flexslider flexslider-hover-type-none\"><ul class=\"slides\"><li><a href=\"https:\/\/addwill.eu\/ca\/addwill-reforca-la-seva-presencia-internacional-en-dret-tecnologic\/\" aria-label=\"addwill refor\u00e7a la seva pres\u00e8ncia internacional en Dret Tecnol\u00f2gic\" class=\"hover-type-none\"><img decoding=\"async\" width=\"2500\" height=\"750\" src=\"https:\/\/addwill.eu\/wp-content\/uploads\/2025\/12\/Addwill_Post_Web_Law.jpg\" class=\"attachment-full size-full\" alt=\"\" srcset=\"https:\/\/addwill.eu\/wp-content\/uploads\/2025\/12\/Addwill_Post_Web_Law-200x60.jpg 200w, https:\/\/addwill.eu\/wp-content\/uploads\/2025\/12\/Addwill_Post_Web_Law-400x120.jpg 400w, https:\/\/addwill.eu\/wp-content\/uploads\/2025\/12\/Addwill_Post_Web_Law-600x180.jpg 600w, https:\/\/addwill.eu\/wp-content\/uploads\/2025\/12\/Addwill_Post_Web_Law-800x240.jpg 800w, https:\/\/addwill.eu\/wp-content\/uploads\/2025\/12\/Addwill_Post_Web_Law-1200x360.jpg 1200w, https:\/\/addwill.eu\/wp-content\/uploads\/2025\/12\/Addwill_Post_Web_Law.jpg 2500w\" sizes=\"(min-width: 2200px) 100vw, (min-width: 732px) 585px, (min-width: 640px) 732px, \" \/><\/a><\/li><\/ul><\/div><div class=\"recent-posts-content\"><span class=\"vcard\" style=\"display: none;\"><span class=\"fn\"><a href=\"https:\/\/addwill.eu\/ca\/author\/mrojas\/\" title=\"Entrades de Miriam Rojas\" rel=\"author\">Miriam Rojas<\/a><\/span><\/span><span class=\"updated\" style=\"display:none;\">2025-12-01T13:32:03+01:00<\/span><h4 class=\"entry-title\"><a href=\"https:\/\/addwill.eu\/ca\/addwill-reforca-la-seva-presencia-internacional-en-dret-tecnologic\/\">addwill refor\u00e7a la seva pres\u00e8ncia internacional en Dret Tecnol\u00f2gic<\/a><\/h4><p class=\"meta\"><span class=\"vcard\" style=\"display: none;\"><span class=\"fn\"><a href=\"https:\/\/addwill.eu\/ca\/author\/mrojas\/\" title=\"Entrades de Miriam Rojas\" rel=\"author\">Miriam Rojas<\/a><\/span><\/span><span class=\"updated\" style=\"display:none;\">2025-12-01T13:32:03+01:00<\/span><span>2025\/12\/01<\/span><span class=\"fusion-inline-sep\">|<\/span><a href=\"https:\/\/addwill.eu\/ca\/category\/news-ca\/\" rel=\"category tag\">News<\/a><span class=\"fusion-inline-sep\">|<\/span><\/p><\/div><\/article><article class=\"post fusion-column column col col-lg-6 col-md-6 col-sm-6\"><div class=\"fusion-flexslider fusion-flexslider-loading flexslider flexslider-hover-type-none\"><ul class=\"slides\"><li><a href=\"https:\/\/addwill.eu\/ca\/addwill-present-a-la-jornada-upfeina-de-la-universitat-pompeu-fabra\/\" aria-label=\"addwill, present a la jornada UPFeina de la Universitat Pompeu Fabra\" class=\"hover-type-none\"><img decoding=\"async\" width=\"2160\" height=\"648\" src=\"https:\/\/addwill.eu\/wp-content\/uploads\/2025\/11\/2-2-gigapixel-low-resolution-v2-2x-1.jpg\" class=\"attachment-full size-full\" alt=\"\" srcset=\"https:\/\/addwill.eu\/wp-content\/uploads\/2025\/11\/2-2-gigapixel-low-resolution-v2-2x-1-200x60.jpg 200w, https:\/\/addwill.eu\/wp-content\/uploads\/2025\/11\/2-2-gigapixel-low-resolution-v2-2x-1-400x120.jpg 400w, https:\/\/addwill.eu\/wp-content\/uploads\/2025\/11\/2-2-gigapixel-low-resolution-v2-2x-1-600x180.jpg 600w, https:\/\/addwill.eu\/wp-content\/uploads\/2025\/11\/2-2-gigapixel-low-resolution-v2-2x-1-800x240.jpg 800w, https:\/\/addwill.eu\/wp-content\/uploads\/2025\/11\/2-2-gigapixel-low-resolution-v2-2x-1-1200x360.jpg 1200w, https:\/\/addwill.eu\/wp-content\/uploads\/2025\/11\/2-2-gigapixel-low-resolution-v2-2x-1.jpg 2160w\" sizes=\"(min-width: 2200px) 100vw, (min-width: 732px) 585px, (min-width: 640px) 732px, \" \/><\/a><\/li><\/ul><\/div><div class=\"recent-posts-content\"><span class=\"vcard\" style=\"display: none;\"><span class=\"fn\"><a href=\"https:\/\/addwill.eu\/ca\/author\/mrojas\/\" title=\"Entrades de Miriam Rojas\" rel=\"author\">Miriam Rojas<\/a><\/span><\/span><span class=\"updated\" style=\"display:none;\">2025-11-17T11:35:26+01:00<\/span><h4 class=\"entry-title\"><a href=\"https:\/\/addwill.eu\/ca\/addwill-present-a-la-jornada-upfeina-de-la-universitat-pompeu-fabra\/\">addwill, present a la jornada UPFeina de la Universitat Pompeu Fabra<\/a><\/h4><p class=\"meta\"><span class=\"vcard\" style=\"display: none;\"><span class=\"fn\"><a href=\"https:\/\/addwill.eu\/ca\/author\/mrojas\/\" title=\"Entrades de Miriam Rojas\" rel=\"author\">Miriam Rojas<\/a><\/span><\/span><span class=\"updated\" style=\"display:none;\">2025-11-17T11:35:26+01:00<\/span><span>2025\/11\/17<\/span><span class=\"fusion-inline-sep\">|<\/span><a href=\"https:\/\/addwill.eu\/ca\/category\/news-ca\/\" rel=\"category tag\">News<\/a><span class=\"fusion-inline-sep\">|<\/span><\/p><\/div><\/article><article class=\"post fusion-column column col col-lg-6 col-md-6 col-sm-6\"><div class=\"fusion-flexslider fusion-flexslider-loading flexslider flexslider-hover-type-none\"><ul class=\"slides\"><li><a href=\"https:\/\/addwill.eu\/ca\/addwill-participa-en-el-salo-immobiliari-del-mediterrani-simed-a-malaga\/\" aria-label=\"addwill participa en el Sal\u00f3 Immobiliari del Mediterrani (SIMED) a M\u00e0laga\" class=\"hover-type-none\"><img decoding=\"async\" width=\"2160\" height=\"648\" src=\"https:\/\/addwill.eu\/wp-content\/uploads\/2025\/11\/Simed-Web.jpg\" class=\"attachment-full size-full\" alt=\"\" srcset=\"https:\/\/addwill.eu\/wp-content\/uploads\/2025\/11\/Simed-Web-200x60.jpg 200w, https:\/\/addwill.eu\/wp-content\/uploads\/2025\/11\/Simed-Web-400x120.jpg 400w, https:\/\/addwill.eu\/wp-content\/uploads\/2025\/11\/Simed-Web-600x180.jpg 600w, https:\/\/addwill.eu\/wp-content\/uploads\/2025\/11\/Simed-Web-800x240.jpg 800w, https:\/\/addwill.eu\/wp-content\/uploads\/2025\/11\/Simed-Web-1200x360.jpg 1200w, https:\/\/addwill.eu\/wp-content\/uploads\/2025\/11\/Simed-Web.jpg 2160w\" sizes=\"(min-width: 2200px) 100vw, (min-width: 732px) 585px, (min-width: 640px) 732px, \" \/><\/a><\/li><\/ul><\/div><div class=\"recent-posts-content\"><span class=\"vcard\" style=\"display: none;\"><span class=\"fn\"><a href=\"https:\/\/addwill.eu\/ca\/author\/mrojas\/\" title=\"Entrades de Miriam Rojas\" rel=\"author\">Miriam Rojas<\/a><\/span><\/span><span class=\"updated\" style=\"display:none;\">2025-11-18T07:34:36+01:00<\/span><h4 class=\"entry-title\"><a href=\"https:\/\/addwill.eu\/ca\/addwill-participa-en-el-salo-immobiliari-del-mediterrani-simed-a-malaga\/\">addwill participa en el Sal\u00f3 Immobiliari del Mediterrani (SIMED) a M\u00e0laga<\/a><\/h4><p class=\"meta\"><span class=\"vcard\" style=\"display: none;\"><span class=\"fn\"><a href=\"https:\/\/addwill.eu\/ca\/author\/mrojas\/\" title=\"Entrades de Miriam Rojas\" rel=\"author\">Miriam Rojas<\/a><\/span><\/span><span class=\"updated\" style=\"display:none;\">2025-11-18T07:34:36+01:00<\/span><span>2025\/11\/17<\/span><span class=\"fusion-inline-sep\">|<\/span><a href=\"https:\/\/addwill.eu\/ca\/category\/news-ca\/\" rel=\"category tag\">News<\/a><span class=\"fusion-inline-sep\">|<\/span><\/p><\/div><\/article><\/section><div class=\"pagination clearfix\"><span class=\"current\">1<\/span><a href=\"https:\/\/addwill.eu\/ca\/wp-json\/wp\/v2\/pages\/9684\/page\/2\/\" class=\"inactive\">2<\/a><a class=\"pagination-next\" rel=\"next\" href=\"https:\/\/addwill.eu\/ca\/wp-json\/wp\/v2\/pages\/9684\/page\/2\/\"><span class=\"page-text\">Next<\/span><span class=\"page-next\"><\/span><\/a><\/div><div class=\"fusion-clearfix\"><\/div><\/div><div class=\"fusion-clearfix\"><\/div><\/div><\/div><\/div><\/div><\/p>\n","protected":false},"excerpt":{"rendered":"","protected":false},"author":14,"featured_media":0,"parent":0,"menu_order":32,"comment_status":"closed","ping_status":"closed","template":"","meta":{"footnotes":""},"class_list":["post-9684","page","type-page","status-publish","hentry"],"aioseo_notices":[],"_links":{"self":[{"href":"https:\/\/addwill.eu\/ca\/wp-json\/wp\/v2\/pages\/9684","targetHints":{"allow":["GET"]}}],"collection":[{"href":"https:\/\/addwill.eu\/ca\/wp-json\/wp\/v2\/pages"}],"about":[{"href":"https:\/\/addwill.eu\/ca\/wp-json\/wp\/v2\/types\/page"}],"author":[{"embeddable":true,"href":"https:\/\/addwill.eu\/ca\/wp-json\/wp\/v2\/users\/14"}],"replies":[{"embeddable":true,"href":"https:\/\/addwill.eu\/ca\/wp-json\/wp\/v2\/comments?post=9684"}],"version-history":[{"count":8,"href":"https:\/\/addwill.eu\/ca\/wp-json\/wp\/v2\/pages\/9684\/revisions"}],"predecessor-version":[{"id":12592,"href":"https:\/\/addwill.eu\/ca\/wp-json\/wp\/v2\/pages\/9684\/revisions\/12592"}],"wp:attachment":[{"href":"https:\/\/addwill.eu\/ca\/wp-json\/wp\/v2\/media?parent=9684"}],"curies":[{"name":"wp","href":"https:\/\/api.w.org\/{rel}","templated":true}]}}