{"id":17831,"date":"2023-10-16T13:40:50","date_gmt":"2023-10-16T13:40:50","guid":{"rendered":"https:\/\/addwill.eu\/historia\/rsc\/"},"modified":"2025-07-07T11:29:09","modified_gmt":"2025-07-07T09:29:09","slug":"csr","status":"publish","type":"page","link":"https:\/\/addwill.eu\/de\/historia\/csr\/","title":{"rendered":"CSR"},"content":{"rendered":"<p><div class=\"fusion-fullwidth fullwidth-box fusion-builder-row-1 has-pattern-background has-mask-background fusion-parallax-none nonhundred-percent-fullwidth non-hundred-percent-height-scrolling arriba \" style=\"--awb-background-position:center top;--awb-background-blend-mode:overlay;--awb-border-sizes-top:0px;--awb-border-sizes-bottom:0px;--awb-border-sizes-left:0px;--awb-border-sizes-right:0px;--awb-border-color:#ffffff;--awb-border-radius-top-left:0px;--awb-border-radius-top-right:0px;--awb-border-radius-bottom-right:0px;--awb-border-radius-bottom-left:0px;--awb-padding-bottom:5%;--awb-background-color:rgba(0,0,0,0.14);--awb-background-image:url(&quot;https:\/\/addwill.eu\/wp-content\/uploads\/2020\/02\/addwill-slider-rsc.jpg&quot;);--awb-background-size:cover;--awb-flex-wrap:wrap;\" ><div class=\"fusion-builder-row fusion-row\"><div class=\"fusion-layout-column fusion_builder_column fusion-builder-column-0 fusion_builder_column_1_1 1_1 fusion-one-full fusion-column-first fusion-column-last fusion-column-no-min-height\" style=\"--awb-bg-size:cover;\"><div class=\"fusion-column-wrapper fusion-flex-column-wrapper-legacy\"><div class=\"fusion-column-content-centered\"><div class=\"fusion-column-content\"><div class=\"fusion-sep-clear\"><\/div><div class=\"fusion-separator fusion-full-width-sep\" style=\"margin-left: auto;margin-right: auto;margin-top:100px;width:100%;\"><div class=\"fusion-separator-border sep-double\" style=\"--awb-height:20px;--awb-amount:20px;border-color:#e0dede;border-top-width:0px;border-bottom-width:0px;\"><\/div><\/div><div class=\"fusion-sep-clear\"><\/div><div class=\"fusion-text fusion-text-1\"><h1 style=\"text-align: center;\"><span style=\"color: #ffffff;\">CSR<\/span><\/h1>\n<\/p>\n<div class=\"slide-content-container slide-content-center\">\n<div class=\"slide-content\">\n<div class=\"caption\">\n<div class=\"fusion-title-sc-wrapper\">\n<div class=\"fusion-title title fusion-sep-none fusion-title-center fusion-title-size-two fusion-border-below-title\">\n<h2 class=\"title-heading-center\" style=\"text-align: center;\" data-inline-fontsize=\"true\" data-inline-lineheight=\"true\" data-fontsize=\"30\" data-lineheight=\"36\"><span style=\"color: #ffffff;\"><strong>addwill<\/strong> hat sich zur nachhaltigen Entwicklung verpflichtet.<\/span><\/h2>\n<\/div>\n<\/div>\n<\/div>\n<\/div>\n<\/div>\n<\/div><\/div><\/div><div class=\"fusion-clearfix\"><\/div><\/div><\/div><\/div><\/div><div class=\"fusion-fullwidth fullwidth-box fusion-builder-row-2 fusion-flex-container has-pattern-background has-mask-background nonhundred-percent-fullwidth non-hundred-percent-height-scrolling\" style=\"--awb-background-position:left top;--awb-border-sizes-top:0px;--awb-border-sizes-bottom:0px;--awb-border-sizes-left:0px;--awb-border-sizes-right:0px;--awb-border-color:#e2e2e2;--awb-border-radius-top-left:0px;--awb-border-radius-top-right:0px;--awb-border-radius-bottom-right:0px;--awb-border-radius-bottom-left:0px;--awb-padding-top:50px;--awb-padding-bottom:50px;--awb-background-color:#ffffff;--awb-flex-wrap:wrap;\" ><div class=\"fusion-builder-row fusion-row fusion-flex-align-items-flex-start fusion-flex-justify-content-center fusion-flex-content-wrap\" style=\"max-width:1248px;margin-left: calc(-4% \/ 2 );margin-right: calc(-4% \/ 2 );\"><div class=\"fusion-layout-column fusion_builder_column fusion-builder-column-1 fusion_builder_column_1_1 1_1 fusion-flex-column bloque800\" style=\"--awb-padding-top:50px;--awb-bg-color:rgba(255,255,255,0);--awb-bg-color-hover:rgba(255,255,255,0);--awb-bg-size:cover;--awb-border-color:#e2e2e2;--awb-border-top:0;--awb-border-right:0;--awb-border-bottom:0;--awb-border-left:0;--awb-border-style:solid;--awb-width-large:100%;--awb-margin-top-large:0px;--awb-spacing-right-large:1.92%;--awb-margin-bottom-large:0px;--awb-spacing-left-large:1.92%;--awb-width-medium:100%;--awb-order-medium:0;--awb-spacing-right-medium:1.92%;--awb-spacing-left-medium:1.92%;--awb-width-small:100%;--awb-order-small:0;--awb-spacing-right-small:1.92%;--awb-spacing-left-small:1.92%;\" data-scroll-devices=\"small-visibility,medium-visibility,large-visibility\"><div class=\"fusion-column-wrapper fusion-column-has-shadow fusion-flex-justify-content-flex-start fusion-content-layout-column\"><div class=\"fusion-title title fusion-title-1 fusion-title-center fusion-title-text fusion-title-size-two\" style=\"--awb-text-color:#000000;--awb-margin-top-small:0px;--awb-margin-right-small:0px;--awb-margin-bottom-small:20px;--awb-margin-left-small:0px;\"><div class=\"title-sep-container title-sep-container-left\"><div class=\"title-sep sep- sep-solid\" style=\"border-color:#e0dede;\"><\/div><\/div><span class=\"awb-title-spacer\"><\/span><h2 class=\"fusion-title-heading title-heading-center fusion-responsive-typography-calculated\" style=\"margin:0;--fontSize:30;line-height:1.2;\"><h2><strong>Nat\u00fcrliche \u00dcbersetzung<\/strong><\/h2><\/h2><span class=\"awb-title-spacer\"><\/span><div class=\"title-sep-container title-sep-container-right\"><div class=\"title-sep sep- sep-solid\" style=\"border-color:#e0dede;\"><\/div><\/div><\/div><div class=\"fusion-separator\" style=\"align-self: center;margin-left: auto;margin-right: auto;margin-top:20px;margin-bottom:40px;width:100%;max-width:70px;\"><div class=\"fusion-separator-border sep-single sep-solid\" style=\"--awb-height:20px;--awb-amount:20px;--awb-sep-color:#8dd404;border-color:#8dd404;border-top-width:3px;\"><\/div><\/div><div class=\"fusion-text fusion-text-2\"><div class=\"vc-row-wrapper vc_inner vc_row-fluid\">\n<div class=\"row wpb_row\">\n<div class=\"vc-column-hover-5ad47a5ced5c9 columns ten\">\n<div class=\"wpb_wrapper\">\n<div class=\"wpb_text_column wpb_content_element \">\n<div class=\"wpb_wrapper\">\n<p>Bei <strong>addwill<\/strong> setzen wir uns aktiv f\u00fcr eine nachhaltige Entwicklung ein. Wir ber\u00fccksichtigen die ethischen, sozialen und \u00f6kologischen Auswirkungen unserer T\u00e4tigkeit und die Anliegen der Gesellschaft insgesamt. Dabei orientieren wir uns stets anden Nachhaltigkeitsrichtlinien der Beh\u00f6rden und handeln verantwortungsbewusst und ethisch korrekt.<\/p>\n<p>Das Wohlergehen und die berufliche Weiterentwicklung unseres Teams liegen uns besonders am Herzen. Deshalb schaffen wir ein sicheres und gesundes Arbeitsumfeld, f\u00f6rdern faire Besch\u00e4ftigungsbedingungen, unterst\u00fctzen den Wissensaustausch und erm\u00f6glichen eine gute Vereinbarkeit von Beruf und Privatleben.<\/p>\n<p>Auch beim Thema Corporate Governance setzen wir auf Transparenz und verantwortungsvolles Risikomanagement nach bew\u00e4hrten Standards.<\/p>\n<\/div>\n<\/div>\n<\/div>\n<\/div>\n<\/div>\n<\/div>\n<\/div><div class=\"fusion-separator fusion-full-width-sep\" style=\"align-self: center;margin-left: auto;margin-right: auto;margin-top:50px;margin-bottom:50px;width:100%;\"><\/div><\/div><\/div><\/div><\/div><div class=\"fusion-fullwidth fullwidth-box fusion-builder-row-3 fusion-flex-container has-pattern-background has-mask-background nonhundred-percent-fullwidth non-hundred-percent-height-scrolling\" style=\"--awb-background-position:left top;--awb-border-sizes-top:0px;--awb-border-sizes-bottom:0px;--awb-border-sizes-left:0px;--awb-border-sizes-right:0px;--awb-border-color:#e2e2e2;--awb-border-radius-top-left:0px;--awb-border-radius-top-right:0px;--awb-border-radius-bottom-right:0px;--awb-border-radius-bottom-left:0px;--awb-padding-top:50px;--awb-padding-bottom:50px;--awb-background-color:#fafafa;--awb-flex-wrap:wrap;\" ><div class=\"fusion-builder-row fusion-row fusion-flex-align-items-flex-start fusion-flex-justify-content-center fusion-flex-content-wrap\" style=\"max-width:1248px;margin-left: calc(-4% \/ 2 );margin-right: calc(-4% \/ 2 );\"><div class=\"fusion-layout-column fusion_builder_column fusion-builder-column-2 fusion_builder_column_1_1 1_1 fusion-flex-column bloque800\" style=\"--awb-padding-top:50px;--awb-bg-color:rgba(255,255,255,0);--awb-bg-color-hover:rgba(255,255,255,0);--awb-bg-size:cover;--awb-border-color:#e2e2e2;--awb-border-top:0;--awb-border-right:0;--awb-border-bottom:0;--awb-border-left:0;--awb-border-style:solid;--awb-width-large:100%;--awb-margin-top-large:0px;--awb-spacing-right-large:1.92%;--awb-margin-bottom-large:0px;--awb-spacing-left-large:1.92%;--awb-width-medium:100%;--awb-order-medium:0;--awb-spacing-right-medium:1.92%;--awb-spacing-left-medium:1.92%;--awb-width-small:100%;--awb-order-small:0;--awb-spacing-right-small:1.92%;--awb-spacing-left-small:1.92%;\" data-scroll-devices=\"small-visibility,medium-visibility,large-visibility\"><div class=\"fusion-column-wrapper fusion-column-has-shadow fusion-flex-justify-content-flex-start fusion-content-layout-column\"><div class=\"fusion-title title fusion-title-2 fusion-title-center fusion-title-text fusion-title-size-two\" style=\"--awb-text-color:#000000;--awb-margin-top-small:0px;--awb-margin-right-small:0px;--awb-margin-bottom-small:20px;--awb-margin-left-small:0px;\"><div class=\"title-sep-container title-sep-container-left\"><div class=\"title-sep sep- sep-solid\" style=\"border-color:#e0dede;\"><\/div><\/div><span class=\"awb-title-spacer\"><\/span><h2 class=\"fusion-title-heading title-heading-center fusion-responsive-typography-calculated\" style=\"margin:0;--fontSize:30;line-height:1.2;\"><h2><strong>Unser soziales Engagement<\/strong><\/h2><\/h2><span class=\"awb-title-spacer\"><\/span><div class=\"title-sep-container title-sep-container-right\"><div class=\"title-sep sep- sep-solid\" style=\"border-color:#e0dede;\"><\/div><\/div><\/div><div class=\"fusion-separator\" style=\"align-self: center;margin-left: auto;margin-right: auto;margin-top:20px;margin-bottom:40px;width:100%;max-width:70px;\"><div class=\"fusion-separator-border sep-single sep-solid\" style=\"--awb-height:20px;--awb-amount:20px;--awb-sep-color:#8dd404;border-color:#8dd404;border-top-width:3px;\"><\/div><\/div><div class=\"fusion-text fusion-text-3 fusion-text-no-margin\" style=\"--awb-margin-bottom:20px;\"><p>Bei <strong>addwill<\/strong> ist gesellschaftliche Verantwortung ein fester Bestandteil unserer Identit\u00e4t. \u00dcber unsere juristischen und wirtschaftlichen Dienstleistungen hinaus engagiert sich addwill f\u00fcr den Aufbau einer gerechteren und solidarischeren Gesellschaft.<\/p>\n<p>Deshalb arbeiten wir mit gemeinn\u00fctzigen Organisationen zusammen, die sich f\u00fcr soziale Inklusion, Bildung, Forschung und die Unterst\u00fctzung benachteiligter Gruppen einsetzen.<\/p>\n<p>Diese Partnerschaften spiegeln die Werte wider, die auch das t\u00e4gliche Handeln von addwill pr\u00e4gen: N\u00e4he, Solidarit\u00e4t und Verantwortung.<\/p>\n<\/div><div class=\"fusion-text fusion-text-4\"><p><strong>Einige unserer Partnerorganisationen:<\/strong><\/p>\n<\/div><ul style=\"--awb-margin-bottom:15px;--awb-line-height:23.8px;--awb-icon-width:23.8px;--awb-icon-height:23.8px;--awb-icon-margin:9.8px;--awb-content-margin:33.6px;\" class=\"fusion-checklist fusion-checklist-1 fusion-checklist-default type-icons\"><li class=\"fusion-li-item\" style=\"\"><span class=\"icon-wrapper circle-no\"><i class=\"fusion-li-icon fa-check fas\" aria-hidden=\"true\"><\/i><\/span><div class=\"fusion-li-item-content\">\n<p><strong>Fundaci\u00f3 Talita<\/strong><\/p>\n<p>Unterst\u00fctzt Kinder und Jugendliche mit geistiger Behinderung durch individuelle Begleitung ihrer Familien, Lehrer und ihres Umfelds. Ziel ist es, ihre F\u00e4higkeiten bestm\u00f6glich zu f\u00f6rdern und ihre Integration in Schule, Beruf und Freizeit zu erleichtern.<\/p>\n<\/div><\/li><li class=\"fusion-li-item\" style=\"\"><span class=\"icon-wrapper circle-no\"><i class=\"fusion-li-icon fa-check fas\" aria-hidden=\"true\"><\/i><\/span><div class=\"fusion-li-item-content\">\n<p><strong>Fundaci\u00f3 Gr\u00e0cia Actua<\/strong><\/p>\n<p>Leistet direkte Hilfe f\u00fcr benachteiligte Personen und Familien im Viertel Gr\u00e0cia. Ziel ist die F\u00f6rderung des sozialen Zusammenhalts und der Abbau von Ungleichheiten. Die Organisation k\u00e4mpft gegen soziale Ausgrenzung, Einsamkeit und setzt sich f\u00fcr solidarische Werte ein.<\/p>\n<\/div><\/li><li class=\"fusion-li-item\" style=\"\"><span class=\"icon-wrapper circle-no\"><i class=\"fusion-li-icon fa-check fas\" aria-hidden=\"true\"><\/i><\/span><div class=\"fusion-li-item-content\">\n<p><strong>Sant Joan de D\u00e9u \u2013 Fundaci\u00f3 de Recerca<\/strong><\/p>\n<p>Setzt sich f\u00fcr biomedizinische Forschung mit Fokus auf Kindergesundheit ein. Die Projekte zielen darauf ab, die Lebensqualit\u00e4t von Patienten und Familien zu verbessern und Innovation im Gesundheitswesen zu f\u00f6rdern.<\/p>\n<\/div><\/li><li class=\"fusion-li-item\" style=\"\"><span class=\"icon-wrapper circle-no\"><i class=\"fusion-li-icon fa-check fas\" aria-hidden=\"true\"><\/i><\/span><div class=\"fusion-li-item-content\">\n<p><strong>Fundaci\u00f3 de l\u2019Esperan\u00e7a \u2013 Obra Social \u201cla Caixa\u201d<\/strong><\/p>\n<p>Entwickelt Programme zur sozialen und beruflichen Integration von Risikogruppen. Dabei legt sie besonderen Wert auf Ausbildung und pers\u00f6nliche Begleitung.<\/p>\n<\/div><\/li><li class=\"fusion-li-item\" style=\"\"><span class=\"icon-wrapper circle-no\"><i class=\"fusion-li-icon fa-check fas\" aria-hidden=\"true\"><\/i><\/span><div class=\"fusion-li-item-content\">\n<p><strong>Fundaci\u00f3 Catalana S\u00edndrome de Down<\/strong><\/p>\n<p>F\u00f6rdert die vollst\u00e4ndige Inklusion von Menschen mit Down-Syndrom durch Schulung, Beratung und Zugang zum Arbeitsmarkt. Die Stiftung setzt sich f\u00fcr die Gleichberechtigung und W\u00fcrde von Menschen mit geistiger Behinderung ein.<\/p>\n<\/div><\/li><li class=\"fusion-li-item\" style=\"\"><span class=\"icon-wrapper circle-no\"><i class=\"fusion-li-icon fa-check fas\" aria-hidden=\"true\"><\/i><\/span><div class=\"fusion-li-item-content\">\n<p><strong>Vallviva Festival<\/strong><\/p>\n<p>Organisiert j\u00e4hrlich ein Benefizfestival in La Garrotxa, dessen Erl\u00f6s der Krebsforschung am Krankenhaus Vall d\u2019Hebron zugutekommt. Das Festival verbindet Musik, Gastronomie und Kultur in einem einzigartigen Rahmen und f\u00f6rdert so gesellschaftliches Engagement.<\/p>\n<\/div><\/li><li class=\"fusion-li-item\" style=\"\"><span class=\"icon-wrapper circle-no\"><i class=\"fusion-li-icon fa-check fas\" aria-hidden=\"true\"><\/i><\/span><div class=\"fusion-li-item-content\">\n<p><strong>Parr\u00f2quia Verge de la Pau, Barcelona<\/strong><\/p>\n<p>Bietet Unterst\u00fctzung und Begleitung f\u00fcr Menschen in prek\u00e4ren Lebenslagen. Als eine Art &#8222;Feldlazarett&#8220; f\u00f6rdert sie soziale Inklusion und gemeinschaftlichen Beistand im Stadtviertel Carmel auf Grundlage christlicher Werte.<\/p>\n<\/div><\/li><\/ul><\/div><\/div><\/div><\/div><div class=\"fusion-fullwidth fullwidth-box fusion-builder-row-4 fusion-flex-container has-pattern-background has-mask-background nonhundred-percent-fullwidth non-hundred-percent-height-scrolling\" style=\"--awb-border-radius-top-left:0px;--awb-border-radius-top-right:0px;--awb-border-radius-bottom-right:0px;--awb-border-radius-bottom-left:0px;--awb-padding-right:150px;--awb-padding-left:150px;--awb-background-color:#fafafa;--awb-flex-wrap:nowrap;\" ><div class=\"fusion-builder-row fusion-row fusion-flex-align-items-flex-start fusion-flex-justify-content-space-around fusion-flex-content-wrap\" style=\"max-width:1248px;margin-left: calc(-4% \/ 2 );margin-right: calc(-4% \/ 2 );\"><div class=\"fusion-layout-column fusion_builder_column fusion-builder-column-3 fusion_builder_column_1_1 1_1 fusion-flex-column fusion-flex-align-self-flex-start bloque800\" style=\"--awb-bg-size:cover;--awb-width-large:100%;--awb-margin-top-large:0px;--awb-spacing-right-large:15px;--awb-margin-bottom-large:20px;--awb-spacing-left-large:15px;--awb-width-medium:100%;--awb-order-medium:0;--awb-spacing-right-medium:1.92%;--awb-spacing-left-medium:1.92%;--awb-width-small:100%;--awb-order-small:0;--awb-spacing-right-small:1.92%;--awb-spacing-left-small:1.92%;\" data-scroll-devices=\"small-visibility,medium-visibility,large-visibility\"><div class=\"fusion-column-wrapper fusion-column-has-shadow fusion-flex-justify-content-space-around fusion-content-layout-row fusion-content-nowrap\"><div class=\"fusion-image-element \" style=\"--awb-margin-right:15px;--awb-margin-left:15px;--awb-caption-title-font-family:var(--h2_typography-font-family);--awb-caption-title-font-weight:var(--h2_typography-font-weight);--awb-caption-title-font-style:var(--h2_typography-font-style);--awb-caption-title-size:var(--h2_typography-font-size);--awb-caption-title-transform:var(--h2_typography-text-transform);--awb-caption-title-line-height:var(--h2_typography-line-height);--awb-caption-title-letter-spacing:var(--h2_typography-letter-spacing);\"><span class=\" fusion-imageframe imageframe-none imageframe-1 hover-type-none\"><img decoding=\"async\" width=\"265\" height=\"128\" title=\"cropped-cropped-logo-talita_diferentes-formatos_talita-fundacion-horizontal (2)\" src=\"https:\/\/addwill.eu\/wp-content\/uploads\/2025\/07\/cropped-cropped-logo-talita_diferentes-formatos_talita-fundacion-horizontal-2-1.png\" alt class=\"img-responsive wp-image-28562\" srcset=\"https:\/\/addwill.eu\/wp-content\/uploads\/2025\/07\/cropped-cropped-logo-talita_diferentes-formatos_talita-fundacion-horizontal-2-1-200x97.png 200w, https:\/\/addwill.eu\/wp-content\/uploads\/2025\/07\/cropped-cropped-logo-talita_diferentes-formatos_talita-fundacion-horizontal-2-1.png 265w\" sizes=\"(max-width: 1024px) 100vw, (max-width: 850px) 100vw, 265px\" \/><\/span><\/div><div class=\"fusion-image-element \" style=\"--awb-margin-right:15px;--awb-margin-left:15px;--awb-caption-title-font-family:var(--h2_typography-font-family);--awb-caption-title-font-weight:var(--h2_typography-font-weight);--awb-caption-title-font-style:var(--h2_typography-font-style);--awb-caption-title-size:var(--h2_typography-font-size);--awb-caption-title-transform:var(--h2_typography-text-transform);--awb-caption-title-line-height:var(--h2_typography-line-height);--awb-caption-title-letter-spacing:var(--h2_typography-letter-spacing);\"><span class=\" fusion-imageframe imageframe-none imageframe-2 hover-type-none\"><img decoding=\"async\" width=\"181\" height=\"128\" title=\"logo_graciactua (1)\" src=\"https:\/\/addwill.eu\/wp-content\/uploads\/2025\/07\/logo_graciactua-1-1.png\" alt class=\"img-responsive wp-image-28556\"\/><\/span><\/div><div class=\"fusion-image-element \" style=\"--awb-margin-right:15px;--awb-margin-left:15px;--awb-caption-title-font-family:var(--h2_typography-font-family);--awb-caption-title-font-weight:var(--h2_typography-font-weight);--awb-caption-title-font-style:var(--h2_typography-font-style);--awb-caption-title-size:var(--h2_typography-font-size);--awb-caption-title-transform:var(--h2_typography-text-transform);--awb-caption-title-line-height:var(--h2_typography-line-height);--awb-caption-title-letter-spacing:var(--h2_typography-letter-spacing);\"><span class=\" fusion-imageframe imageframe-none imageframe-3 hover-type-none\"><img decoding=\"async\" width=\"246\" height=\"128\" title=\"logo_sjd-fundacio-de-recerca-rgb_1587043278 (1)\" src=\"https:\/\/addwill.eu\/wp-content\/uploads\/2025\/07\/logo_sjd-fundacio-de-recerca-rgb_1587043278-1-2.png\" alt class=\"img-responsive wp-image-28568\" srcset=\"https:\/\/addwill.eu\/wp-content\/uploads\/2025\/07\/logo_sjd-fundacio-de-recerca-rgb_1587043278-1-2-200x104.png 200w, https:\/\/addwill.eu\/wp-content\/uploads\/2025\/07\/logo_sjd-fundacio-de-recerca-rgb_1587043278-1-2.png 246w\" sizes=\"(max-width: 1024px) 100vw, (max-width: 850px) 100vw, 246px\" \/><\/span><\/div><div class=\"fusion-image-element \" style=\"--awb-margin-right:15px;--awb-margin-left:15px;--awb-caption-title-font-family:var(--h2_typography-font-family);--awb-caption-title-font-weight:var(--h2_typography-font-weight);--awb-caption-title-font-style:var(--h2_typography-font-style);--awb-caption-title-size:var(--h2_typography-font-size);--awb-caption-title-transform:var(--h2_typography-text-transform);--awb-caption-title-line-height:var(--h2_typography-line-height);--awb-caption-title-letter-spacing:var(--h2_typography-letter-spacing);\"><span class=\" fusion-imageframe imageframe-none imageframe-4 hover-type-none\"><img decoding=\"async\" width=\"384\" height=\"128\" title=\"cropped-cropped-Vallviva-logo-header-1 (1)\" src=\"https:\/\/addwill.eu\/wp-content\/uploads\/2025\/07\/cropped-cropped-Vallviva-logo-header-1-1-1.png\" alt class=\"img-responsive wp-image-28550\" srcset=\"https:\/\/addwill.eu\/wp-content\/uploads\/2025\/07\/cropped-cropped-Vallviva-logo-header-1-1-1-200x67.png 200w, https:\/\/addwill.eu\/wp-content\/uploads\/2025\/07\/cropped-cropped-Vallviva-logo-header-1-1-1.png 384w\" sizes=\"(max-width: 1024px) 100vw, (max-width: 850px) 100vw, 384px\" \/><\/span><\/div><\/div><\/div><\/div><\/div><div class=\"fusion-fullwidth fullwidth-box fusion-builder-row-5 fusion-flex-container has-pattern-background has-mask-background nonhundred-percent-fullwidth non-hundred-percent-height-scrolling\" style=\"--awb-border-radius-top-left:0px;--awb-border-radius-top-right:0px;--awb-border-radius-bottom-right:0px;--awb-border-radius-bottom-left:0px;--awb-padding-right:150px;--awb-padding-bottom:100px;--awb-padding-left:150px;--awb-background-color:#fafafa;--awb-flex-wrap:wrap;\" ><div class=\"fusion-builder-row fusion-row fusion-flex-align-items-flex-start fusion-flex-justify-content-space-evenly fusion-flex-content-wrap\" style=\"max-width:1248px;margin-left: calc(-4% \/ 2 );margin-right: calc(-4% \/ 2 );\"><div class=\"fusion-layout-column fusion_builder_column fusion-builder-column-4 fusion_builder_column_1_1 1_1 fusion-flex-column fusion-flex-align-self-flex-start bloque800\" style=\"--awb-padding-right:80px;--awb-padding-left:80px;--awb-bg-size:cover;--awb-width-large:100%;--awb-margin-top-large:0px;--awb-spacing-right-large:1.92%;--awb-margin-bottom-large:20px;--awb-spacing-left-large:1.92%;--awb-width-medium:100%;--awb-order-medium:0;--awb-spacing-right-medium:1.92%;--awb-spacing-left-medium:1.92%;--awb-width-small:100%;--awb-order-small:0;--awb-spacing-right-small:1.92%;--awb-spacing-left-small:1.92%;\" data-scroll-devices=\"small-visibility,medium-visibility,large-visibility\"><div class=\"fusion-column-wrapper fusion-column-has-shadow fusion-flex-justify-content-space-around fusion-content-layout-row fusion-content-nowrap\"><div class=\"fusion-image-element \" style=\"--awb-margin-right:20px;--awb-caption-title-font-family:var(--h2_typography-font-family);--awb-caption-title-font-weight:var(--h2_typography-font-weight);--awb-caption-title-font-style:var(--h2_typography-font-style);--awb-caption-title-size:var(--h2_typography-font-size);--awb-caption-title-transform:var(--h2_typography-text-transform);--awb-caption-title-line-height:var(--h2_typography-line-height);--awb-caption-title-letter-spacing:var(--h2_typography-letter-spacing);\"><span class=\" fusion-imageframe imageframe-none imageframe-5 hover-type-none\"><img decoding=\"async\" width=\"180\" height=\"180\" title=\"images 11.27.34\" src=\"https:\/\/addwill.eu\/wp-content\/uploads\/2025\/07\/images-11.27.34.png\" alt class=\"img-responsive wp-image-28586\" srcset=\"https:\/\/addwill.eu\/wp-content\/uploads\/2025\/07\/images-11.27.34-66x66.png 66w, https:\/\/addwill.eu\/wp-content\/uploads\/2025\/07\/images-11.27.34-150x150.png 150w, https:\/\/addwill.eu\/wp-content\/uploads\/2025\/07\/images-11.27.34.png 180w\" sizes=\"(max-width: 180px) 100vw, 180px\" \/><\/span><\/div><div class=\"fusion-image-element \" style=\"--awb-margin-right:15px;--awb-margin-left:15px;--awb-caption-title-font-family:var(--h2_typography-font-family);--awb-caption-title-font-weight:var(--h2_typography-font-weight);--awb-caption-title-font-style:var(--h2_typography-font-style);--awb-caption-title-size:var(--h2_typography-font-size);--awb-caption-title-transform:var(--h2_typography-text-transform);--awb-caption-title-line-height:var(--h2_typography-line-height);--awb-caption-title-letter-spacing:var(--h2_typography-letter-spacing);\"><span class=\" fusion-imageframe imageframe-none imageframe-6 hover-type-none\"><img decoding=\"async\" width=\"299\" height=\"180\" title=\"FCSD\" src=\"https:\/\/addwill.eu\/wp-content\/uploads\/2025\/07\/FCSD-2.png\" alt class=\"img-responsive wp-image-28593\" srcset=\"https:\/\/addwill.eu\/wp-content\/uploads\/2025\/07\/FCSD-2-200x120.png 200w, https:\/\/addwill.eu\/wp-content\/uploads\/2025\/07\/FCSD-2.png 299w\" sizes=\"(max-width: 1024px) 100vw, (max-width: 850px) 100vw, 299px\" \/><\/span><\/div><div class=\"fusion-image-element \" style=\"--awb-margin-right:15px;--awb-margin-left:15px;--awb-caption-title-font-family:var(--h2_typography-font-family);--awb-caption-title-font-weight:var(--h2_typography-font-weight);--awb-caption-title-font-style:var(--h2_typography-font-style);--awb-caption-title-size:var(--h2_typography-font-size);--awb-caption-title-transform:var(--h2_typography-text-transform);--awb-caption-title-line-height:var(--h2_typography-line-height);--awb-caption-title-letter-spacing:var(--h2_typography-letter-spacing);\"><span class=\" fusion-imageframe imageframe-none imageframe-7 hover-type-none\"><img decoding=\"async\" width=\"600\" height=\"180\" title=\"LaCaixa\" src=\"https:\/\/addwill.eu\/wp-content\/uploads\/2025\/07\/LaCaixa-4.png\" alt class=\"img-responsive wp-image-28599\" srcset=\"https:\/\/addwill.eu\/wp-content\/uploads\/2025\/07\/LaCaixa-4-200x60.png 200w, https:\/\/addwill.eu\/wp-content\/uploads\/2025\/07\/LaCaixa-4-400x120.png 400w, https:\/\/addwill.eu\/wp-content\/uploads\/2025\/07\/LaCaixa-4.png 600w\" sizes=\"(max-width: 1024px) 100vw, (max-width: 850px) 100vw, 600px\" \/><\/span><\/div><div class=\"fusion-text fusion-text-5\"><\/p>\n<style>.fusion-li-item-content p {margin-bottom:0px !important;}<\/style>\n<\/div><\/div><\/div><\/div><\/div><\/p>\n","protected":false},"excerpt":{"rendered":"","protected":false},"author":12,"featured_media":0,"parent":17824,"menu_order":3,"comment_status":"closed","ping_status":"closed","template":"100-width.php","meta":{"footnotes":""},"class_list":["post-17831","page","type-page","status-publish","hentry"],"_links":{"self":[{"href":"https:\/\/addwill.eu\/de\/wp-json\/wp\/v2\/pages\/17831","targetHints":{"allow":["GET"]}}],"collection":[{"href":"https:\/\/addwill.eu\/de\/wp-json\/wp\/v2\/pages"}],"about":[{"href":"https:\/\/addwill.eu\/de\/wp-json\/wp\/v2\/types\/page"}],"author":[{"embeddable":true,"href":"https:\/\/addwill.eu\/de\/wp-json\/wp\/v2\/users\/12"}],"replies":[{"embeddable":true,"href":"https:\/\/addwill.eu\/de\/wp-json\/wp\/v2\/comments?post=17831"}],"version-history":[{"count":11,"href":"https:\/\/addwill.eu\/de\/wp-json\/wp\/v2\/pages\/17831\/revisions"}],"predecessor-version":[{"id":28606,"href":"https:\/\/addwill.eu\/de\/wp-json\/wp\/v2\/pages\/17831\/revisions\/28606"}],"up":[{"embeddable":true,"href":"https:\/\/addwill.eu\/de\/wp-json\/wp\/v2\/pages\/17824"}],"wp:attachment":[{"href":"https:\/\/addwill.eu\/de\/wp-json\/wp\/v2\/media?parent=17831"}],"curies":[{"name":"wp","href":"https:\/\/api.w.org\/{rel}","templated":true}]}}