{"id":21120,"date":"2024-07-23T22:25:48","date_gmt":"2024-07-23T20:25:48","guid":{"rendered":"https:\/\/addwill.eu\/bureau-des-baleares\/"},"modified":"2024-09-28T19:34:33","modified_gmt":"2024-09-28T17:34:33","slug":"bureau-des-baleares","status":"publish","type":"page","link":"https:\/\/addwill.eu\/fr\/bureau-des-baleares\/","title":{"rendered":"Bureau des Bal\u00e9ares"},"content":{"rendered":"<p><div class=\"fusion-bg-parallax\" data-bg-align=\"center center\" data-direction=\"up\" data-mute=\"false\" data-opacity=\"100\" data-velocity=\"-0.1\" data-mobile-enabled=\"false\" data-break_parents=\"0\" data-bg-image=\"https:\/\/addwill.eu\/wp-content\/uploads\/2022\/05\/spain-gac7eeaf67_1920.jpg\" data-bg-repeat=\"false\" data-bg-color=\"rgba(0,0,0,0.2)\" data-blend-mode=\"overlay\" ><\/div><div class=\"fusion-fullwidth fullwidth-box fusion-builder-row-1 fusion-parallax-up nonhundred-percent-fullwidth non-hundred-percent-height-scrolling\" style=\"--awb-background-blend-mode:overlay;--awb-border-sizes-top:0px;--awb-border-sizes-bottom:0px;--awb-border-sizes-left:0px;--awb-border-sizes-right:0px;--awb-border-color:#e2e2e2;--awb-border-radius-top-left:0px;--awb-border-radius-top-right:0px;--awb-border-radius-bottom-right:0px;--awb-border-radius-bottom-left:0px;--awb-padding-bottom:5%;--awb-background-color:rgba(0,0,0,0.2);--awb-background-image:url(&quot;https:\/\/addwill.eu\/wp-content\/uploads\/2022\/05\/spain-gac7eeaf67_1920.jpg&quot;);--awb-background-size:cover;--awb-flex-wrap:wrap;\" ><div class=\"fusion-builder-row fusion-row\"><div class=\"fusion-layout-column fusion_builder_column fusion-builder-column-0 fusion_builder_column_1_1 1_1 fusion-one-full fusion-column-first fusion-column-last\" style=\"--awb-bg-color:rgba(255,255,255,0);--awb-bg-color-hover:rgba(255,255,255,0);--awb-bg-size:cover;--awb-border-color:#e2e2e2;--awb-border-top:0;--awb-border-right:0;--awb-border-bottom:0;--awb-border-left:0;--awb-border-style:solid;\"><div class=\"fusion-column-wrapper fusion-flex-column-wrapper-legacy\"><div class=\"fusion-sep-clear\"><\/div><div class=\"fusion-separator fusion-full-width-sep\" style=\"margin-left: auto;margin-right: auto;margin-top:80px;width:100%;\"><div class=\"fusion-separator-border sep-double\" style=\"--awb-height:20px;--awb-amount:20px;--awb-sep-color:#ffffff;border-color:#ffffff;border-top-width:0px;border-bottom-width:0px;\"><\/div><\/div><div class=\"fusion-sep-clear\"><\/div><div class=\"fusion-text fusion-text-1\" style=\"--awb-text-transform:none;\"><h1 style=\"text-align: center;\"><span style=\"color: #ffffff;\">Balears<\/span><\/h1>\n<div class=\"slide-content-container slide-content-center\">\n<div class=\"slide-content\">\n<div class=\"caption \">\n<div class=\"fusion-title-sc-wrapper\">\n<div class=\"fusion-title title fusion-sep-none fusion-title-center fusion-title-size-two fusion-border-below-title\"><\/div>\n<\/div>\n<\/div>\n<\/div>\n<\/div>\n<\/div><div class=\"fusion-button-wrapper fusion-aligncenter\"><a class=\"fusion-button button-flat fusion-button-default-size button-default fusion-button-default button-1 fusion-button-default-span fusion-button-default-type\" target=\"_self\" href=\"#services\"><span class=\"fusion-button-text awb-button__text awb-button__text--default\">VOIR LES PRESTATIONS<\/span><\/a><\/div><div class=\"fusion-sep-clear\"><\/div><div class=\"fusion-separator fusion-full-width-sep\" style=\"margin-left: auto;margin-right: auto;margin-top:40px;width:100%;\"><div class=\"fusion-separator-border sep-double\" style=\"--awb-height:20px;--awb-amount:20px;--awb-sep-color:#ffffff;border-color:#ffffff;border-top-width:0px;border-bottom-width:0px;\"><\/div><\/div><div class=\"fusion-sep-clear\"><\/div><div class=\"fusion-clearfix\"><\/div><\/div><\/div><\/div><\/div><div class=\"fusion-fullwidth fullwidth-box fusion-builder-row-2 fusion-flex-container nonhundred-percent-fullwidth non-hundred-percent-height-scrolling\" style=\"--awb-border-radius-top-left:0px;--awb-border-radius-top-right:0px;--awb-border-radius-bottom-right:0px;--awb-border-radius-bottom-left:0px;--awb-padding-top:25px;--awb-flex-wrap:wrap;\" ><div class=\"fusion-builder-row fusion-row fusion-flex-align-items-flex-start fusion-flex-content-wrap\" style=\"max-width:1248px;margin-left: calc(-4% \/ 2 );margin-right: calc(-4% \/ 2 );\"><div class=\"fusion-layout-column fusion_builder_column fusion-builder-column-1 fusion_builder_column_1_1 1_1 fusion-flex-column\" style=\"--awb-bg-size:cover;--awb-width-large:100%;--awb-margin-top-large:0px;--awb-spacing-right-large:1.92%;--awb-margin-bottom-large:20px;--awb-spacing-left-large:1.92%;--awb-width-medium:100%;--awb-order-medium:0;--awb-spacing-right-medium:1.92%;--awb-spacing-left-medium:1.92%;--awb-width-small:100%;--awb-order-small:0;--awb-spacing-right-small:1.92%;--awb-spacing-left-small:1.92%;\"><div class=\"fusion-column-wrapper fusion-column-has-shadow fusion-flex-justify-content-flex-start fusion-content-layout-column\"><div class=\"fusion-text fusion-text-2\" style=\"--awb-text-transform:none;\"><p>Le bureau des \u00eeles BAL\u00c9ARES est situ\u00e9 dans la ville d&rsquo;Ibiza, dans une zone privil\u00e9gi\u00e9e pr\u00e8s du port, et nous permet d&rsquo;offrir tous nos services de conseil dans les \u00celes Bal\u00e9ares avec une proximit\u00e9 maximale. Le bureau dispose d&rsquo;une \u00e9quipe de 7 professionnels ayant une solide exp\u00e9rience dans le conseil aux entreprises, aux ind\u00e9pendants et aux particuliers dans les domaines de la fiscalit\u00e9, de l&rsquo;immobilier, de l&#8217;emploi et du conseil aux entreprises. <\/p>\n<p><strong>ADDWILL<\/strong> se pr\u00e9sente comme un bureau de r\u00e9f\u00e9rence aux Bal\u00e9ares, en couvrant les opportunit\u00e9s d&rsquo;affaires et la croissance des entreprises sur le territoire et en accompagnant les investisseurs potentiels qui envisagent de d\u00e9velopper de nouveaux projets dans cette communaut\u00e9 ; le tout dans le cadre de la prestation de services \u00e0 haute valeur ajout\u00e9e tels que le conseil et la planification fiscale pour les entreprises et les patrimoines familiaux, la planification des investissements pour les r\u00e9sidents et les non-r\u00e9sidents, l&rsquo;optimisation de la TVA et le conseil externe en mati\u00e8re de gestion financi\u00e8re dans le secteur h\u00f4telier, les op\u00e9rations immobili\u00e8res, la restructuration et la vente et l&rsquo;achat d&rsquo;entreprises et de successions familiales.<\/p>\n<\/div><\/div><\/div><\/div><\/div><div class=\"fusion-fullwidth fullwidth-box fusion-builder-row-3 nonhundred-percent-fullwidth non-hundred-percent-height-scrolling\" style=\"--awb-background-position:left top;--awb-border-sizes-top:0px;--awb-border-sizes-bottom:0px;--awb-border-sizes-left:0px;--awb-border-sizes-right:0px;--awb-border-color:#ffffff;--awb-border-radius-top-left:0px;--awb-border-radius-top-right:0px;--awb-border-radius-bottom-right:0px;--awb-border-radius-bottom-left:0px;--awb-padding-top:50px;--awb-padding-bottom:50px;--awb-background-color:#ffffff;--awb-flex-wrap:wrap;\" ><div class=\"fusion-builder-row fusion-row\"><div class=\"fusion-layout-column fusion_builder_column fusion-builder-column-2 fusion_builder_column_4_5 4_5 fusion-four-fifth fusion-column-first fusion-column-no-min-height\" style=\"--awb-padding-top:00px;--awb-bg-size:cover;--awb-margin-bottom:0px;width:79.2%; margin-right: 4%;\"><div class=\"fusion-column-wrapper fusion-flex-column-wrapper-legacy\"><div class=\"fusion-sep-clear\"><\/div><div class=\"fusion-separator fusion-full-width-sep\" style=\"margin-left: auto;margin-right: auto;margin-top:20px;width:100%;\"><div class=\"fusion-separator-border sep-single sep-solid\" style=\"--awb-height:20px;--awb-amount:20px;--awb-sep-color:#a0ce4e;border-color:#a0ce4e;border-top-width:4px;\"><\/div><\/div><div class=\"fusion-sep-clear\"><\/div><div class=\"fusion-text fusion-text-3\"><div class=\"dfd-heading-shortcode\">\n<div id=\"dfd-heading-5ad083696717b\" class=\"dfd-heading-module-wrap text-center style_01 \">\n<div class=\"inline-block\">\n<div class=\"dfd-heading-module\">\n<h3 class=\"dfd-title \" style=\"text-align: left;\">Informations de contact<\/h3>\n<\/div>\n<\/div>\n<\/div>\n<\/div>\n<\/div><div class=\"fusion-sep-clear\"><\/div><div class=\"fusion-separator fusion-full-width-sep\" style=\"margin-left: auto;margin-right: auto;margin-top:10px;width:100%;\"><div class=\"fusion-separator-border sep-single sep-solid\" style=\"--awb-height:20px;--awb-amount:20px;--awb-sep-color:rgba(160,206,78,0);border-color:rgba(160,206,78,0);border-top-width:0px;\"><\/div><\/div><div class=\"fusion-sep-clear\"><\/div><div class=\"fusion-sep-clear\"><\/div><div class=\"fusion-separator fusion-full-width-sep\" style=\"margin-left: auto;margin-right: auto;margin-top:10px;width:100%;\"><div class=\"fusion-separator-border sep-double\" style=\"--awb-height:20px;--awb-amount:20px;--awb-sep-color:rgba(160,206,78,0);border-color:rgba(160,206,78,0);border-top-width:0px;border-bottom-width:0px;\"><\/div><\/div><div class=\"fusion-sep-clear\"><\/div><div class=\"fusion-builder-row fusion-builder-row-inner fusion-row\"><div class=\"fusion-layout-column fusion_builder_column_inner fusion-builder-nested-column-0 fusion_builder_column_inner_3_5 3_5 fusion-three-fifth fusion-column-first\" style=\"--awb-bg-size:cover;width:60%;width:calc(60% - ( ( 4% ) * 0.6 ) );margin-right: 4%;\"><div class=\"fusion-column-wrapper fusion-flex-column-wrapper-legacy\"><iframe src=\"https:\/\/www.google.com\/maps\/d\/embed?mid=131vG0z_yDLs3i-7NbHYzeURBTtUjH7r-&ehbc=2E312F\" width=\"500\" height=\"340\"><\/iframe><div class=\"fusion-clearfix\"><\/div><\/div><\/div><div class=\"fusion-layout-column fusion_builder_column_inner fusion-builder-nested-column-1 fusion_builder_column_inner_2_5 2_5 fusion-two-fifth fusion-column-last\" style=\"--awb-bg-size:cover;width:40%;width:calc(40% - ( ( 4% ) * 0.4 ) );\"><div class=\"fusion-column-wrapper fusion-flex-column-wrapper-legacy\"><div class=\"fusion-text fusion-text-4\" style=\"--awb-text-transform:none;\"><p><i class=\"fb-icon-element-1 fb-icon-element fontawesome-icon fa fa-map-marker circle-no fusion-text-flow\" style=\"--awb-iconcolor:#a0ce4e;--awb-iconcolor-hover:#a0ce4e;--awb-circlecolor:rgba(255,255,255,0);--awb-font-size:20px;--awb-margin-top:0px;\"><\/i><span class=\"il\"> Passeig Joan Carles I, 23, Local 8, 07800 &#8211; Eivissa (Balears)<\/span><\/p>\n<p><span class=\"text-dark\"><i class=\"fb-icon-element-2 fb-icon-element fontawesome-icon fa fa-envelope-o circle-no fusion-text-flow\" style=\"--awb-iconcolor:#a0ce4e;--awb-iconcolor-hover:#a0ce4e;--awb-circlecolor:rgba(255,255,255,0);--awb-font-size:18px;--awb-margin-right:9px;\"><\/i> <a href=\"mailto:barcelona@addwill.eu\">baleares@addwill.eu<\/a><\/span><\/p>\n<p><span class=\"text-dark\"><i class=\"fb-icon-element-3 fb-icon-element fontawesome-icon fa fa-phone circle-no fusion-text-flow\" style=\"--awb-iconcolor:#a0ce4e;--awb-iconcolor-hover:#a0ce4e;--awb-circlecolor:rgba(255,255,255,0);--awb-font-size:20px;--awb-margin-right:10px;\"><\/i>\u00a0<\/span>+ 34\u00a0<a href=\"tel:971934488\">971934488<\/a><\/p>\n<\/div><div class=\"fusion-button-wrapper fusion-alignleft\"><a class=\"fusion-button button-flat fusion-button-default-size button-default fusion-button-default button-2 fusion-button-default-span fusion-button-default-type\" target=\"_self\" href=\"mailto: info@addwill.eu\"><span class=\"fusion-button-text awb-button__text awb-button__text--default\">CONTACTA<\/span><\/a><\/div><div class=\"fusion-sep-clear\"><\/div><div class=\"fusion-separator fusion-full-width-sep\" style=\"margin-left: auto;margin-right: auto;margin-top:30px;margin-bottom:20px;width:100%;\"><div class=\"fusion-separator-border sep-single sep-solid\" style=\"--awb-height:20px;--awb-amount:20px;--awb-sep-color:#a0ce4e;border-color:#a0ce4e;border-top-width:4px;\"><\/div><\/div><div class=\"fusion-sep-clear\"><\/div><div class=\"fusion-clearfix\"><\/div><\/div><\/div><\/div><div class=\"fusion-clearfix\"><\/div><\/div><\/div><\/div><\/div><div class=\"fusion-fullwidth fullwidth-box fusion-builder-row-4 nonhundred-percent-fullwidth non-hundred-percent-height-scrolling\" style=\"--awb-background-position:left top;--awb-border-sizes-top:0px;--awb-border-sizes-bottom:0px;--awb-border-sizes-left:0px;--awb-border-sizes-right:0px;--awb-border-color:#e2e2e2;--awb-border-radius-top-left:0px;--awb-border-radius-top-right:0px;--awb-border-radius-bottom-right:0px;--awb-border-radius-bottom-left:0px;--awb-padding-top:40px;--awb-padding-bottom:60px;--awb-background-color:#f4f4f4;--awb-flex-wrap:wrap;\" ><div class=\"fusion-builder-row fusion-row\"><div class=\"fusion-layout-column fusion_builder_column fusion-builder-column-3 fusion_builder_column_1_1 1_1 fusion-one-full fusion-column-first fusion-column-last fusion-column-no-min-height\" style=\"--awb-bg-size:cover;--awb-margin-bottom:0px;\"><div class=\"fusion-column-wrapper fusion-flex-column-wrapper-legacy\"><div class=\"fusion-text fusion-text-5\" style=\"--awb-text-transform:none;\"><h4 class=\"fusion-responsive-typography-calculated\" style=\"text-align: center; --fontsize: 29; line-height: 1.2;\" data-fontsize=\"29\" data-lineheight=\"34.8px\">Directeur du bureau: Bal\u00e9ares<\/h4>\n<\/div><div class=\"fusion-sep-clear\"><\/div><div class=\"fusion-separator fusion-full-width-sep\" style=\"margin-left: auto;margin-right: auto;margin-top:30px;width:100%;\"><\/div><div class=\"fusion-sep-clear\"><\/div><div class=\"fusion-clearfix\"><\/div><\/div><\/div><div class=\"fusion-layout-column fusion_builder_column fusion-builder-column-4 fusion_builder_column_1_5 1_5 fusion-one-fifth fusion-column-first fusion-column-no-min-height\" style=\"--awb-bg-color:#ffffff;--awb-bg-color-hover:#ffffff;--awb-bg-size:cover;--awb-border-color:#e2e2e2;--awb-border-top:0;--awb-border-right:0;--awb-border-bottom:0;--awb-border-left:0;--awb-border-style:solid;width:20%;width:calc(20% - ( ( 2% + 2% ) * 0.2 ) );margin-right: 2%;\"><div class=\"fusion-column-wrapper fusion-column-has-shadow fusion-flex-column-wrapper-legacy\"><div class=\"fusion-column-content-centered\"><div class=\"fusion-column-content\"><\/div><\/div><div class=\"fusion-clearfix\"><\/div><\/div><\/div><div class=\"fusion-layout-column fusion_builder_column fusion-builder-column-5 fusion_builder_column_1_6 1_6 fusion-one-sixth fusion-column-no-min-height\" style=\"--awb-bg-color:#ffffff;--awb-bg-color-hover:#ffffff;--awb-bg-size:cover;--awb-border-color:#e2e2e2;--awb-border-top:0;--awb-border-right:0;--awb-border-bottom:0;--awb-border-left:0;--awb-border-style:solid;width:16.666666666667%;width:calc(16.666666666667% - ( ( 2% + 2% ) * 0.16666666666667 ) );margin-right: 2%;\"><div class=\"fusion-column-wrapper fusion-column-has-shadow fusion-flex-column-wrapper-legacy\"><div class=\"fusion-column-content-centered\"><div class=\"fusion-column-content\"><\/div><\/div><div class=\"fusion-clearfix\"><\/div><\/div><\/div><div class=\"fusion-layout-column fusion_builder_column fusion-builder-column-6 fusion_builder_column_1_4 1_4 fusion-one-fourth fusion-column-last fusion-column-no-min-height\" style=\"--awb-bg-color:#ffffff;--awb-bg-color-hover:#ffffff;--awb-bg-size:cover;--awb-border-color:#e2e2e2;--awb-border-top:0;--awb-border-right:0;--awb-border-bottom:0;--awb-border-left:0;--awb-border-style:solid;width:25%;width:calc(25% - ( ( 2% + 2% ) * 0.25 ) );\"><div class=\"fusion-column-wrapper fusion-column-has-shadow fusion-flex-column-wrapper-legacy\"><div class=\"fusion-column-content-centered\"><div class=\"fusion-column-content\"><div class=\"fusion-image-element fusion-image-align-center in-legacy-container\" style=\"text-align:center;--awb-caption-title-font-family:var(--h2_typography-font-family);--awb-caption-title-font-weight:var(--h2_typography-font-weight);--awb-caption-title-font-style:var(--h2_typography-font-style);--awb-caption-title-size:var(--h2_typography-font-size);--awb-caption-title-transform:var(--h2_typography-text-transform);--awb-caption-title-line-height:var(--h2_typography-line-height);--awb-caption-title-letter-spacing:var(--h2_typography-letter-spacing);\"><div class=\"imageframe-align-center\"><span class=\" fusion-imageframe imageframe-none imageframe-1 hover-type-none\"><img decoding=\"async\" width=\"2217\" height=\"3164\" title=\"amadeo-tapia\" src=\"https:\/\/addwill.eu\/wp-content\/uploads\/2022\/05\/amadeo-tapia.png\" alt class=\"img-responsive wp-image-12379\" srcset=\"https:\/\/addwill.eu\/wp-content\/uploads\/2022\/05\/amadeo-tapia-200x285.png 200w, https:\/\/addwill.eu\/wp-content\/uploads\/2022\/05\/amadeo-tapia-400x571.png 400w, https:\/\/addwill.eu\/wp-content\/uploads\/2022\/05\/amadeo-tapia-600x856.png 600w, https:\/\/addwill.eu\/wp-content\/uploads\/2022\/05\/amadeo-tapia-800x1142.png 800w, https:\/\/addwill.eu\/wp-content\/uploads\/2022\/05\/amadeo-tapia-1200x1713.png 1200w, https:\/\/addwill.eu\/wp-content\/uploads\/2022\/05\/amadeo-tapia.png 2217w\" sizes=\"(max-width: 850px) 100vw, 400px\" \/><\/span><\/div><\/div><div class=\"fusion-text fusion-text-6 equipo\" style=\"--awb-text-transform:none;\"><h3 data-fontsize=\"20\" data-lineheight=\"28\"><span style=\"color: #67a727; line-height: 1.2;\">Amadeo Tapia<\/span><\/h3>\n<p><span style=\"color: #808080; font-size: 13px; letter-spacing: 0.2px;\">LOCAL PARTNER<\/span><\/p>\n<\/div><div class=\"fusion-social-links fusion-social-links-1 equipo-social\" style=\"--awb-margin-top:0px;--awb-margin-right:0px;--awb-margin-bottom:0px;--awb-margin-left:0px;--awb-box-border-top:0px;--awb-box-border-right:0px;--awb-box-border-bottom:0px;--awb-box-border-left:0px;--awb-icon-colors-hover:rgba(255,255,255,0.8);--awb-box-colors-hover:rgba(160,206,78,0.8);--awb-box-border-color:var(--awb-color3);--awb-box-border-color-hover:var(--awb-color4);\"><div class=\"fusion-social-networks color-type-custom\"><div class=\"fusion-social-networks-wrapper\"><a class=\"fusion-social-network-icon fusion-tooltip fusion-linkedin awb-icon-linkedin\" style=\"color:#bfbfbf;font-size:17px;\" title=\"LinkedIn\" aria-label=\"linkedin\" target=\"_blank\" rel=\"noopener noreferrer\" href=\"https:\/\/www.linkedin.com\/in\/amadeo-tapia-lopez-1a758930\/\"><\/a><a class=\"fusion-social-network-icon fusion-tooltip fusion-mail awb-icon-mail\" style=\"color:#bfbfbf;font-size:17px;\" title=\"Email\" aria-label=\"mail\" target=\"_blank\" rel=\"noopener noreferrer\" href=\"mailto:&#097;&#116;&#097;&#112;ia&#064;&#097;&#100;&#100;w&#105;l&#108;&#046;&#101;&#117;\"><\/a><\/div><\/div><\/div><\/div><\/div><div class=\"fusion-clearfix\"><\/div><\/div><\/div><\/div><\/div><div class=\"fusion-fullwidth fullwidth-box fusion-builder-row-5 fusion-flex-container has-pattern-background has-mask-background nonhundred-percent-fullwidth non-hundred-percent-height-scrolling\" style=\"--awb-border-radius-top-left:0px;--awb-border-radius-top-right:0px;--awb-border-radius-bottom-right:0px;--awb-border-radius-bottom-left:0px;--awb-padding-top:60px;--awb-padding-bottom:40px;--awb-flex-wrap:wrap;\" ><div class=\"fusion-builder-row fusion-row fusion-flex-align-items-flex-start fusion-flex-content-wrap\" style=\"max-width:1248px;margin-left: calc(-4% \/ 2 );margin-right: calc(-4% \/ 2 );\"><div class=\"fusion-layout-column fusion_builder_column fusion-builder-column-7 fusion_builder_column_1_5 1_5 fusion-flex-column\" style=\"--awb-bg-size:cover;--awb-width-large:20%;--awb-margin-top-large:0px;--awb-spacing-right-large:9.6%;--awb-margin-bottom-large:20px;--awb-spacing-left-large:9.6%;--awb-width-medium:100%;--awb-order-medium:0;--awb-spacing-right-medium:1.92%;--awb-spacing-left-medium:1.92%;--awb-width-small:100%;--awb-order-small:0;--awb-spacing-right-small:1.92%;--awb-spacing-left-small:1.92%;\"><div class=\"fusion-column-wrapper fusion-column-has-shadow fusion-flex-justify-content-flex-start fusion-content-layout-column\"><\/div><\/div><div class=\"fusion-layout-column fusion_builder_column fusion-builder-column-8 fusion_builder_column_3_5 3_5 fusion-flex-column\" style=\"--awb-bg-size:cover;--awb-width-large:60%;--awb-margin-top-large:0px;--awb-spacing-right-large:3.2%;--awb-margin-bottom-large:20px;--awb-spacing-left-large:3.2%;--awb-width-medium:100%;--awb-order-medium:0;--awb-spacing-right-medium:1.92%;--awb-spacing-left-medium:1.92%;--awb-width-small:100%;--awb-order-small:0;--awb-spacing-right-small:1.92%;--awb-spacing-left-small:1.92%;\"><div class=\"fusion-column-wrapper fusion-column-has-shadow fusion-flex-justify-content-flex-start fusion-content-layout-column\">\n<div class=\"wpcf7 no-js\" id=\"wpcf7-f21978-o1\" lang=\"es-ES\" dir=\"ltr\" data-wpcf7-id=\"21978\">\n<div class=\"screen-reader-response\"><p role=\"status\" aria-live=\"polite\" aria-atomic=\"true\"><\/p> <ul><\/ul><\/div>\n<form action=\"\/fr\/wp-json\/wp\/v2\/pages\/21120#wpcf7-f21978-o1\" method=\"post\" class=\"wpcf7-form init\" aria-label=\"Formulario de contacto\" novalidate=\"novalidate\" data-status=\"init\">\n<fieldset class=\"hidden-fields-container\"><input type=\"hidden\" name=\"_wpcf7\" value=\"21978\" \/><input type=\"hidden\" name=\"_wpcf7_version\" value=\"6.1.5\" \/><input type=\"hidden\" name=\"_wpcf7_locale\" value=\"es_ES\" \/><input type=\"hidden\" name=\"_wpcf7_unit_tag\" value=\"wpcf7-f21978-o1\" \/><input type=\"hidden\" name=\"_wpcf7_container_post\" value=\"0\" \/><input type=\"hidden\" name=\"_wpcf7_posted_data_hash\" value=\"\" \/><input type=\"hidden\" name=\"_wpcf7_recaptcha_response\" value=\"\" \/>\n<\/fieldset>\n<h4 class=\"dfd-title fusion-responsive-typography-calculated\" style=\"text-align: center; --fontSize: 29; line-height: 1.2;\" data-fontsize=\"29\" data-lineheight=\"34.8px\">Souhaitez-vous \u00eatre contact\u00e9?\n<\/h4>\n<p style=\"text-align: center;\">Adressez-nous votre demande ou appelez-nous au + 34 93 238 50 08\n<\/p>\n<p><label> Nom (obligatoire)<br \/>\n<span class=\"wpcf7-form-control-wrap\" data-name=\"your-name\"><input size=\"40\" maxlength=\"400\" class=\"wpcf7-form-control wpcf7-text wpcf7-validates-as-required\" aria-required=\"true\" aria-invalid=\"false\" value=\"\" type=\"text\" name=\"your-name\" \/><\/span> <\/label>\n<\/p>\n<p><label> Email (obligatoire)<br \/>\n<span class=\"wpcf7-form-control-wrap\" data-name=\"your-email\"><input size=\"40\" maxlength=\"400\" class=\"wpcf7-form-control wpcf7-email wpcf7-validates-as-required wpcf7-text wpcf7-validates-as-email\" aria-required=\"true\" aria-invalid=\"false\" value=\"\" type=\"email\" name=\"your-email\" \/><\/span> <\/label>\n<\/p>\n<p><label> T\u00e9l\u00e9phone (obligatoire)<br \/>\n<span class=\"wpcf7-form-control-wrap\" data-name=\"your-subject\"><input size=\"40\" maxlength=\"400\" class=\"wpcf7-form-control wpcf7-text\" aria-invalid=\"false\" value=\"\" type=\"text\" name=\"your-subject\" \/><\/span> <\/label>\n<\/p>\n<p><label> Message (obligatoire)<br \/>\n<span class=\"wpcf7-form-control-wrap\" data-name=\"your-message\"><textarea cols=\"40\" rows=\"10\" maxlength=\"2000\" class=\"wpcf7-form-control wpcf7-textarea\" aria-invalid=\"false\" name=\"your-message\"><\/textarea><\/span> <\/label>\n<\/p>\n<p> INFORMATIONS SUR LE TRAITEMENT DES DONN\u00c9ES PERSONNELLES<br \/>\nResponsable du traitement : Addwill Partners, S.L.P. (\u00ab Addwill \u00bb).<br \/>\nFinalit\u00e9s : G\u00e9rer vos donn\u00e9es pour pouvoir traiter et r\u00e9pondre \u00e0 votre demande.<br \/>\nL\u00e9gitimation : Le consentement de l\u2019utilisateur lui-m\u00eame.<br \/>\nDestinataires : Des tiers avec lesquels Addwill est contractuellement ou l\u00e9galement oblig\u00e9 de partager les donn\u00e9es, ainsi que des entreprises de son groupe si cela est n\u00e9cessaire pour r\u00e9pondre \u00e0 votre demande.<br \/>\nDroits : Acc\u00e9der, rectifier et supprimer les donn\u00e9es, ainsi que d'autres droits, comme expliqu\u00e9 dans les informations compl\u00e9mentaires.\n<\/p>\n<p><span class=\"wpcf7-form-control-wrap\" data-name=\"acceptance-682\"><span class=\"wpcf7-form-control wpcf7-acceptance\"><span class=\"wpcf7-list-item\"><input type=\"checkbox\" name=\"acceptance-682\" value=\"1\" aria-invalid=\"false\" \/><\/span><\/span><\/span><span style=\"font-size: 90%\"><a href=\"https:\/\/addwill.eu\/en\/cookies-policy\/\" target=\"_blank\" >J'ai lu et j'accepte la politique de confidentialit\u00e9 et de cookies<\/a><\/span>\n<\/p>\n<p><input class=\"wpcf7-form-control wpcf7-submit has-spinner\" type=\"submit\" value=\"Envoyer\" \/>\n<\/p><div class=\"fusion-alert alert custom alert-custom fusion-alert-center wpcf7-response-output fusion-alert-capitalize awb-alert-native-link-color alert-dismissable awb-alert-close-boxed\" style=\"--awb-border-top-left-radius:0px;--awb-border-top-right-radius:0px;--awb-border-bottom-left-radius:0px;--awb-border-bottom-right-radius:0px;\" role=\"alert\"><div class=\"fusion-alert-content-wrapper\"><span class=\"fusion-alert-content\"><\/span><\/div><button type=\"button\" class=\"close toggle-alert\" data-dismiss=\"alert\" aria-label=\"Close\">&times;<\/button><\/div>\n<\/form>\n<\/div>\n<\/div><\/div><div class=\"fusion-layout-column fusion_builder_column fusion-builder-column-9 fusion_builder_column_1_5 1_5 fusion-flex-column\" style=\"--awb-bg-size:cover;--awb-width-large:20%;--awb-margin-top-large:0px;--awb-spacing-right-large:9.6%;--awb-margin-bottom-large:20px;--awb-spacing-left-large:9.6%;--awb-width-medium:100%;--awb-order-medium:0;--awb-spacing-right-medium:1.92%;--awb-spacing-left-medium:1.92%;--awb-width-small:100%;--awb-order-small:0;--awb-spacing-right-small:1.92%;--awb-spacing-left-small:1.92%;\"><div class=\"fusion-column-wrapper fusion-column-has-shadow fusion-flex-justify-content-flex-start fusion-content-layout-column\"><\/div><\/div><\/div><\/div>\n<\/p>\n","protected":false},"excerpt":{"rendered":"","protected":false},"author":14,"featured_media":0,"parent":0,"menu_order":26,"comment_status":"closed","ping_status":"closed","template":"100-width.php","meta":{"footnotes":""},"class_list":["post-21120","page","type-page","status-publish","hentry"],"_links":{"self":[{"href":"https:\/\/addwill.eu\/fr\/wp-json\/wp\/v2\/pages\/21120","targetHints":{"allow":["GET"]}}],"collection":[{"href":"https:\/\/addwill.eu\/fr\/wp-json\/wp\/v2\/pages"}],"about":[{"href":"https:\/\/addwill.eu\/fr\/wp-json\/wp\/v2\/types\/page"}],"author":[{"embeddable":true,"href":"https:\/\/addwill.eu\/fr\/wp-json\/wp\/v2\/users\/14"}],"replies":[{"embeddable":true,"href":"https:\/\/addwill.eu\/fr\/wp-json\/wp\/v2\/comments?post=21120"}],"version-history":[{"count":5,"href":"https:\/\/addwill.eu\/fr\/wp-json\/wp\/v2\/pages\/21120\/revisions"}],"predecessor-version":[{"id":22245,"href":"https:\/\/addwill.eu\/fr\/wp-json\/wp\/v2\/pages\/21120\/revisions\/22245"}],"wp:attachment":[{"href":"https:\/\/addwill.eu\/fr\/wp-json\/wp\/v2\/media?parent=21120"}],"curies":[{"name":"wp","href":"https:\/\/api.w.org\/{rel}","templated":true}]}}